{"id":694,"date":"2013-02-25T20:08:36","date_gmt":"2013-02-25T18:08:36","guid":{"rendered":"http:\/\/www.bavarian-pathfinders.de\/?page_id=694"},"modified":"2016-04-21T09:22:18","modified_gmt":"2016-04-21T07:22:18","slug":"unsere-sponsoren","status":"publish","type":"page","link":"http:\/\/www.bavarian-pathfinders.de\/?page_id=694","title":{"rendered":"Unsere Sponsoren"},"content":{"rendered":"<p>Herzlichen Dank an alle Firmen, die sich mit Ihrem Sponsoring an unserer Aktion beteiligen und unser Vorhaben unterst\u00fctzen!<\/p>\n<p>&nbsp;<\/p>\n<p style=\"text-align: center;\"><a title=\"Maler Aust\" href=\"http:\/\/www.maler-aust.de\"><img loading=\"lazy\" decoding=\"async\" class=\"alignnone size-full wp-image-884\" src=\"http:\/\/www.bavarian-pathfinders.de\/wp-content\/uploads\/2013\/04\/maleraust.png\" alt=\"Maler Aust\" width=\"400\" height=\"65\" srcset=\"http:\/\/www.bavarian-pathfinders.de\/wp-content\/uploads\/2013\/04\/maleraust.png 400w, http:\/\/www.bavarian-pathfinders.de\/wp-content\/uploads\/2013\/04\/maleraust-150x24.png 150w, http:\/\/www.bavarian-pathfinders.de\/wp-content\/uploads\/2013\/04\/maleraust-300x48.png 300w\" sizes=\"(max-width: 400px) 100vw, 400px\" \/><br \/>\nwww.maler-aust.de<\/a><\/p>\n<hr \/>\n<p style=\"text-align: center;\"><a title=\"AXA N\u00f6rdlingen Ulrich Jaumann\" href=\"http:\/\/www.axa-betreuer.de\/ULRICH_JAUMANN\"><img loading=\"lazy\" decoding=\"async\" class=\"alignnone size-full wp-image-732\" src=\"http:\/\/www.bavarian-pathfinders.de\/wp-content\/uploads\/2013\/03\/axa.png\" alt=\"AXA\" width=\"250\" height=\"46\" srcset=\"http:\/\/www.bavarian-pathfinders.de\/wp-content\/uploads\/2013\/03\/axa.png 250w, http:\/\/www.bavarian-pathfinders.de\/wp-content\/uploads\/2013\/03\/axa-150x27.png 150w\" sizes=\"(max-width: 250px) 100vw, 250px\" \/><\/a><br \/>\n<a title=\"AXA N\u00f6rdlingen Ulrich Jaumann\" href=\"http:\/\/www.axa-betreuer.de\/ULRICH_JAUMANN\">http:\/\/www.axa-betreuer.de\/ULRICH_JAUMANN<\/a><\/p>\n<h3 style=\"text-align: center;\">Ulrich Jaumann<\/h3>\n<p style=\"text-align: center;\">Erlenweg 6<br \/>\n86720 N\u00f6rdlingen<\/p>\n<hr \/>\n<p style=\"text-align: center;\"><a title=\"BTI - Wir verstehen Ihr Handwerk\" href=\"http:\/\/www.bti.de\"><img loading=\"lazy\" decoding=\"async\" class=\"alignnone size-full wp-image-700\" src=\"http:\/\/www.bavarian-pathfinders.de\/wp-content\/uploads\/2013\/02\/bti.png\" alt=\"bti\" width=\"250\" height=\"106\" srcset=\"http:\/\/www.bavarian-pathfinders.de\/wp-content\/uploads\/2013\/02\/bti.png 250w, http:\/\/www.bavarian-pathfinders.de\/wp-content\/uploads\/2013\/02\/bti-150x63.png 150w\" sizes=\"(max-width: 250px) 100vw, 250px\" \/><\/a><br \/>\n<a title=\"BTI - Wir verstehen Ihr Handwerk\" href=\"http:\/\/www.bti.de\">www.bti.de<\/a><\/p>\n<hr \/>\n<p style=\"text-align: center;\"><a title=\"Castrol Deutschland - Motoren\u00f6l und Schmierstoffe\" href=\"http:\/\/www.castrol.de\"><img loading=\"lazy\" decoding=\"async\" class=\"alignnone size-full wp-image-701\" src=\"http:\/\/www.bavarian-pathfinders.de\/wp-content\/uploads\/2013\/02\/castrol.png\" alt=\"castrol\" width=\"250\" height=\"121\" srcset=\"http:\/\/www.bavarian-pathfinders.de\/wp-content\/uploads\/2013\/02\/castrol.png 250w, http:\/\/www.bavarian-pathfinders.de\/wp-content\/uploads\/2013\/02\/castrol-150x72.png 150w\" sizes=\"(max-width: 250px) 100vw, 250px\" \/><\/a><br \/>\n<a title=\"Castrol Deutschland - Motoren\u00f6l und Schmierstoffe\" href=\"http:\/\/www.castrol.de\">www.castrol.de<\/a><\/p>\n<hr \/>\n<p style=\"text-align: center;\"><a title=\"CommScope\" href=\"http:\/\/www.commscope.com\"><img loading=\"lazy\" decoding=\"async\" class=\"alignnone size-full wp-image-702\" src=\"http:\/\/www.bavarian-pathfinders.de\/wp-content\/uploads\/2013\/02\/commscope.png\" alt=\"commscope\" width=\"250\" height=\"39\" srcset=\"http:\/\/www.bavarian-pathfinders.de\/wp-content\/uploads\/2013\/02\/commscope.png 250w, http:\/\/www.bavarian-pathfinders.de\/wp-content\/uploads\/2013\/02\/commscope-150x23.png 150w\" sizes=\"(max-width: 250px) 100vw, 250px\" \/><\/a><br \/>\n<a title=\"CommScope\" href=\"http:\/\/www.commscope.com\">www.commscope.com<\/a><\/p>\n<hr \/>\n<p style=\"text-align: center;\"><a title=\"Friedel &amp; Kriegler KFZ Meisterbetrieb in Megesheim\" href=\"http:\/\/home.mobile.de\/FRIEDEL-KRIEGLER\"><img loading=\"lazy\" decoding=\"async\" class=\"alignnone size-full wp-image-735\" src=\"http:\/\/www.bavarian-pathfinders.de\/wp-content\/uploads\/2013\/03\/friedel-kriegler.png\" alt=\"Friedel &amp; Kriegler\" width=\"250\" height=\"119\" srcset=\"http:\/\/www.bavarian-pathfinders.de\/wp-content\/uploads\/2013\/03\/friedel-kriegler.png 250w, http:\/\/www.bavarian-pathfinders.de\/wp-content\/uploads\/2013\/03\/friedel-kriegler-150x71.png 150w\" sizes=\"(max-width: 250px) 100vw, 250px\" \/><\/a><br \/>\n<a title=\"Friedel &amp; Kriegler KFZ Meisterbetrieb in Megesheim\" href=\"http:\/\/home.mobile.de\/FRIEDEL-KRIEGLER\">http:\/\/home.mobile.de\/FRIEDEL-KRIEGLER<\/a><\/p>\n<hr \/>\n<p style=\"text-align: center;\"><img loading=\"lazy\" decoding=\"async\" class=\"alignnone size-full wp-image-879\" src=\"http:\/\/www.bavarian-pathfinders.de\/wp-content\/uploads\/2013\/04\/friedel.png\" alt=\"Friedel Bau-Service\" width=\"250\" height=\"155\" srcset=\"http:\/\/www.bavarian-pathfinders.de\/wp-content\/uploads\/2013\/04\/friedel.png 250w, http:\/\/www.bavarian-pathfinders.de\/wp-content\/uploads\/2013\/04\/friedel-150x93.png 150w\" sizes=\"(max-width: 250px) 100vw, 250px\" \/><br \/>\nHolzsteig 13<br \/>\n86750 Megesheim<\/p>\n<hr \/>\n<p style=\"text-align: center;\"><a title=\"Schreiner Funk\" href=\"mailto:bastian-funk@loepsingen.de\"><img loading=\"lazy\" decoding=\"async\" class=\"alignnone size-full wp-image-889\" src=\"http:\/\/www.bavarian-pathfinders.de\/wp-content\/uploads\/2013\/04\/schreiner.png\" alt=\"Schreiner Funk\" width=\"250\" height=\"69\" srcset=\"http:\/\/www.bavarian-pathfinders.de\/wp-content\/uploads\/2013\/04\/schreiner.png 250w, http:\/\/www.bavarian-pathfinders.de\/wp-content\/uploads\/2013\/04\/schreiner-150x41.png 150w\" sizes=\"(max-width: 250px) 100vw, 250px\" \/><br \/>\nbastian-funk@loepsingen.de<\/a><\/p>\n<p style=\"text-align: center;\">Im Krautgarten 9<br \/>\n86720 N\u00f6rdlingen-L\u00f6psingen<\/p>\n<hr \/>\n<p style=\"text-align: center;\"><a title=\"Brauerei Gutmann\" href=\"http:\/\/www.brauerei-gutmann.de\"><img loading=\"lazy\" decoding=\"async\" class=\"alignnone size-full wp-image-703\" src=\"http:\/\/www.bavarian-pathfinders.de\/wp-content\/uploads\/2013\/02\/gutmann.png\" alt=\"gutmann\" width=\"250\" height=\"160\" srcset=\"http:\/\/www.bavarian-pathfinders.de\/wp-content\/uploads\/2013\/02\/gutmann.png 250w, http:\/\/www.bavarian-pathfinders.de\/wp-content\/uploads\/2013\/02\/gutmann-150x96.png 150w\" sizes=\"(max-width: 250px) 100vw, 250px\" \/><br \/>\nwww.brauerei-gutmann.de<\/a><\/p>\n<hr \/>\n<p style=\"text-align: center;\"><a title=\"Gute Reise Hauck\" href=\"http:\/\/www.hauck-reise.de\"><img loading=\"lazy\" decoding=\"async\" class=\"alignnone size-full wp-image-898\" src=\"http:\/\/www.bavarian-pathfinders.de\/wp-content\/uploads\/2013\/04\/hauck.png\" alt=\"Gute Reise Hauck\" width=\"250\" height=\"44\" srcset=\"http:\/\/www.bavarian-pathfinders.de\/wp-content\/uploads\/2013\/04\/hauck.png 250w, http:\/\/www.bavarian-pathfinders.de\/wp-content\/uploads\/2013\/04\/hauck-150x26.png 150w\" sizes=\"(max-width: 250px) 100vw, 250px\" \/><br \/>\nwww.hauck-reise.de<\/a><\/p>\n<hr \/>\n<p style=\"text-align: center;\"><img loading=\"lazy\" decoding=\"async\" class=\"alignnone size-full wp-image-835\" src=\"http:\/\/www.bavarian-pathfinders.de\/wp-content\/uploads\/2013\/03\/hirsch.png\" alt=\"Gasthaus zum Hirsch\" width=\"219\" height=\"250\" srcset=\"http:\/\/www.bavarian-pathfinders.de\/wp-content\/uploads\/2013\/03\/hirsch.png 219w, http:\/\/www.bavarian-pathfinders.de\/wp-content\/uploads\/2013\/03\/hirsch-131x150.png 131w\" sizes=\"(max-width: 219px) 100vw, 219px\" \/><br \/>\nHauptstra\u00dfe 16<br \/>\n86750 Megesheim<br \/>\nTel.: 0 90 82\/ 9 05 33<\/p>\n<hr \/>\n<p style=\"text-align: center;\"><a title=\"Heinle GmbH\" href=\"http:\/\/www.heinle-gmbh.de\"><img loading=\"lazy\" decoding=\"async\" class=\"alignnone size-full wp-image-724\" src=\"http:\/\/www.bavarian-pathfinders.de\/wp-content\/uploads\/2013\/02\/heinle.png\" alt=\"heinle\" width=\"200\" height=\"49\" srcset=\"http:\/\/www.bavarian-pathfinders.de\/wp-content\/uploads\/2013\/02\/heinle.png 200w, http:\/\/www.bavarian-pathfinders.de\/wp-content\/uploads\/2013\/02\/heinle-150x36.png 150w\" sizes=\"(max-width: 200px) 100vw, 200px\" \/><\/a><br \/>\n<a title=\"Heinle GmbH\" href=\"http:\/\/www.heinle-gmbh.de\"> www.heinle-gmbh.de<\/a><\/p>\n<hr \/>\n<p style=\"text-align: center;\"><a title=\"Autolackiererei Hollestelle\" href=\"http:\/\/www.hollestelle.de\"><img loading=\"lazy\" decoding=\"async\" class=\"alignnone size-full wp-image-723\" src=\"http:\/\/www.bavarian-pathfinders.de\/wp-content\/uploads\/2013\/02\/hollestelle.png\" alt=\"hollestelle\" width=\"400\" height=\"101\" srcset=\"http:\/\/www.bavarian-pathfinders.de\/wp-content\/uploads\/2013\/02\/hollestelle.png 400w, http:\/\/www.bavarian-pathfinders.de\/wp-content\/uploads\/2013\/02\/hollestelle-150x37.png 150w, http:\/\/www.bavarian-pathfinders.de\/wp-content\/uploads\/2013\/02\/hollestelle-300x75.png 300w\" sizes=\"(max-width: 400px) 100vw, 400px\" \/><\/a><br \/>\n<a title=\"Autolackiererei Hollestelle\" href=\"http:\/\/www.hollestelle.de\">www.hollestelle.de<\/a><\/p>\n<hr \/>\n<p style=\"text-align: center;\"><a title=\"Hotel NH Kl\u00f6sterle N\u00f6rdlingen\" href=\"http:\/\/www.nh-hotels.de\/nh\/de\/hotels\/deutschland\/nordlingen\/nh-klosterle-nordlingen.html\"><img loading=\"lazy\" decoding=\"async\" class=\"alignnone size-full wp-image-880\" src=\"http:\/\/www.bavarian-pathfinders.de\/wp-content\/uploads\/2013\/04\/nh-hoteles.png\" alt=\"NH-Hoteles\" width=\"250\" height=\"213\" srcset=\"http:\/\/www.bavarian-pathfinders.de\/wp-content\/uploads\/2013\/04\/nh-hoteles.png 250w, http:\/\/www.bavarian-pathfinders.de\/wp-content\/uploads\/2013\/04\/nh-hoteles-150x127.png 150w\" sizes=\"(max-width: 250px) 100vw, 250px\" \/><br \/>\nwww.nh-hotels.de<\/a><\/p>\n<hr \/>\n<p style=\"text-align: center;\"><a title=\"Reifen Lebedew GmbH\" href=\"http:\/\/www.points-lebedew.de\"><img loading=\"lazy\" decoding=\"async\" class=\"alignnone size-full wp-image-887\" src=\"http:\/\/www.bavarian-pathfinders.de\/wp-content\/uploads\/2013\/04\/points.png\" alt=\"Reifen Lebedew GmbH\" width=\"250\" height=\"75\" srcset=\"http:\/\/www.bavarian-pathfinders.de\/wp-content\/uploads\/2013\/04\/points.png 250w, http:\/\/www.bavarian-pathfinders.de\/wp-content\/uploads\/2013\/04\/points-150x45.png 150w\" sizes=\"(max-width: 250px) 100vw, 250px\" \/><br \/>\nwww.points-lebedew.de<\/a><\/p>\n<hr \/>\n<p style=\"text-align: center;\"><a title=\"Spenglerei Bernd Meyer, N\u00f6rdlingen L\u00f6psingen\" href=\"http:\/\/www.spenglerei-bernd-meyer.de\"><img loading=\"lazy\" decoding=\"async\" class=\"alignnone size-full wp-image-780\" src=\"http:\/\/www.bavarian-pathfinders.de\/wp-content\/uploads\/2013\/02\/berndmeyer.png\" alt=\"berndmeyer\" width=\"250\" height=\"38\" srcset=\"http:\/\/www.bavarian-pathfinders.de\/wp-content\/uploads\/2013\/02\/berndmeyer.png 250w, http:\/\/www.bavarian-pathfinders.de\/wp-content\/uploads\/2013\/02\/berndmeyer-150x22.png 150w\" sizes=\"(max-width: 250px) 100vw, 250px\" \/><\/a><br \/>\n<a title=\"Spenglerei Bernd Meyer, N\u00f6rdlingen L\u00f6psingen\" href=\"http:\/\/www.spenglerei-bernd-meyer.de\">www.spenglerei-bernd-meyer.de<\/a><\/p>\n<hr \/>\n<h3 style=\"text-align: center;\">JET Tankstelle Franz Lipowsky<\/h3>\n<p style=\"text-align: center;\">Augsburger Str. 44<br \/>\n86720 N\u00f6rdlingen<\/p>\n<hr \/>\n<p style=\"text-align: center;\"><a title=\"OeTTINGER Brauerei GmbH\" href=\"http:\/\/www.oettinger-bier.de\"><img loading=\"lazy\" decoding=\"async\" class=\"alignnone size-full wp-image-881\" src=\"http:\/\/www.bavarian-pathfinders.de\/wp-content\/uploads\/2013\/04\/oettinger.png\" alt=\"Oettinger\" width=\"250\" height=\"217\" srcset=\"http:\/\/www.bavarian-pathfinders.de\/wp-content\/uploads\/2013\/04\/oettinger.png 250w, http:\/\/www.bavarian-pathfinders.de\/wp-content\/uploads\/2013\/04\/oettinger-150x130.png 150w\" sizes=\"(max-width: 250px) 100vw, 250px\" \/><br \/>\nwww.oettinger-bier.de<\/a><\/p>\n<hr \/>\n<p style=\"text-align: center;\"><a title=\"Druck Sing\" href=\"http:\/\/www.sing-druck.org\"><img loading=\"lazy\" decoding=\"async\" class=\"size-full wp-image-736 aligncenter\" src=\"http:\/\/www.bavarian-pathfinders.de\/wp-content\/uploads\/2013\/03\/sing.png\" alt=\"sing\" width=\"196\" height=\"250\" srcset=\"http:\/\/www.bavarian-pathfinders.de\/wp-content\/uploads\/2013\/03\/sing.png 196w, http:\/\/www.bavarian-pathfinders.de\/wp-content\/uploads\/2013\/03\/sing-117x150.png 117w\" sizes=\"(max-width: 196px) 100vw, 196px\" \/>www.sing-druck.org<\/a><\/p>\n<hr \/>\n<p style=\"text-align: center;\"><a title=\"Armin Vater - Finanzkaufmann\" href=\"http:\/\/www.armin-vater.de\"><img loading=\"lazy\" decoding=\"async\" class=\"alignnone size-full wp-image-834\" src=\"http:\/\/www.bavarian-pathfinders.de\/wp-content\/uploads\/2013\/03\/armin_vater.png\" alt=\"Armin Vater Finanzkaufmann\" width=\"250\" height=\"62\" srcset=\"http:\/\/www.bavarian-pathfinders.de\/wp-content\/uploads\/2013\/03\/armin_vater.png 250w, http:\/\/www.bavarian-pathfinders.de\/wp-content\/uploads\/2013\/03\/armin_vater-150x37.png 150w\" sizes=\"(max-width: 250px) 100vw, 250px\" \/><\/a><br \/>\n<a title=\"Armin Vater - Finanzkaufmann\" href=\"http:\/\/www.armin-vater.de\">www.armin-vater.de<\/a><\/p>\n<hr \/>\n<p style=\"text-align: center;\"><a href=\"http:\/\/www.vpv.de\"><img loading=\"lazy\" decoding=\"async\" class=\"alignnone size-full wp-image-725\" src=\"http:\/\/www.bavarian-pathfinders.de\/wp-content\/uploads\/2013\/02\/vpv.png\" alt=\"vpv\" width=\"150\" height=\"86\" \/><br \/>\nwww.vpv.de<\/a><\/p>\n<h3 style=\"text-align: center;\">J\u00fcrgen Kohl<\/h3>\n<p style=\"text-align: center;\">Fritz-Hopf-Str. 13<br \/>\n86720 N\u00f6rdlingen<a href=\"http:\/\/www.vpv.de\/\"><br \/>\n<\/a><\/p>\n","protected":false},"excerpt":{"rendered":"<p>Herzlichen Dank an alle Firmen, die sich mit Ihrem Sponsoring an unserer Aktion beteiligen und unser Vorhaben unterst\u00fctzen! &nbsp; www.maler-aust.de http:\/\/www.axa-betreuer.de\/ULRICH_JAUMANN Ulrich Jaumann Erlenweg 6 86720 N\u00f6rdlingen www.bti.de www.castrol.de www.commscope.com http:\/\/home.mobile.de\/FRIEDEL-KRIEGLER Holzsteig 13 86750 Megesheim bastian-funk@loepsingen.de Im Krautgarten 9 86720 N\u00f6rdlingen-L\u00f6psingen www.brauerei-gutmann.de www.hauck-reise.de Hauptstra\u00dfe 16 86750 Megesheim Tel.: 0 90 82\/ 9 05 33 www.heinle-gmbh.de<a class=\"read-more \" href=\"http:\/\/www.bavarian-pathfinders.de\/?page_id=694\" title=\"Read More\"> <span class=\"button default\">Read More<\/span><\/a><\/p>\n","protected":false},"author":1,"featured_media":0,"parent":53,"menu_order":0,"comment_status":"closed","ping_status":"closed","template":"","meta":{"jetpack_post_was_ever_published":false,"footnotes":""},"jetpack_sharing_enabled":true,"jetpack_shortlink":"https:\/\/wp.me\/P33xOy-bc","_links":{"self":[{"href":"http:\/\/www.bavarian-pathfinders.de\/index.php?rest_route=\/wp\/v2\/pages\/694"}],"collection":[{"href":"http:\/\/www.bavarian-pathfinders.de\/index.php?rest_route=\/wp\/v2\/pages"}],"about":[{"href":"http:\/\/www.bavarian-pathfinders.de\/index.php?rest_route=\/wp\/v2\/types\/page"}],"author":[{"embeddable":true,"href":"http:\/\/www.bavarian-pathfinders.de\/index.php?rest_route=\/wp\/v2\/users\/1"}],"replies":[{"embeddable":true,"href":"http:\/\/www.bavarian-pathfinders.de\/index.php?rest_route=%2Fwp%2Fv2%2Fcomments&post=694"}],"version-history":[{"count":39,"href":"http:\/\/www.bavarian-pathfinders.de\/index.php?rest_route=\/wp\/v2\/pages\/694\/revisions"}],"predecessor-version":[{"id":1328,"href":"http:\/\/www.bavarian-pathfinders.de\/index.php?rest_route=\/wp\/v2\/pages\/694\/revisions\/1328"}],"up":[{"embeddable":true,"href":"http:\/\/www.bavarian-pathfinders.de\/index.php?rest_route=\/wp\/v2\/pages\/53"}],"wp:attachment":[{"href":"http:\/\/www.bavarian-pathfinders.de\/index.php?rest_route=%2Fwp%2Fv2%2Fmedia&parent=694"}],"curies":[{"name":"wp","href":"https:\/\/api.w.org\/{rel}","templated":true}]}}