{"id":68,"date":"2012-07-12T19:55:19","date_gmt":"2012-07-12T17:55:19","guid":{"rendered":"http:\/\/bavarian-pf.hoschi.org\/?page_id=68"},"modified":"2016-02-06T15:53:08","modified_gmt":"2016-02-06T13:53:08","slug":"mister-x","status":"publish","type":"page","link":"http:\/\/www.bavarian-pathfinders.de\/?page_id=68","title":{"rendered":"\u00c4pfel"},"content":{"rendered":"<p><strong><img loading=\"lazy\" decoding=\"async\" class=\"alignright size-medium wp-image-860\" src=\"http:\/\/www.bavarian-pathfinders.de\/wp-content\/uploads\/2013\/04\/Aepfel-199x300.jpg\" alt=\"Aepfel.jpg\" width=\"199\" height=\"300\" srcset=\"http:\/\/www.bavarian-pathfinders.de\/wp-content\/uploads\/2013\/04\/Aepfel-199x300.jpg 199w, http:\/\/www.bavarian-pathfinders.de\/wp-content\/uploads\/2013\/04\/Aepfel-99x150.jpg 99w, http:\/\/www.bavarian-pathfinders.de\/wp-content\/uploads\/2013\/04\/Aepfel.jpg 533w\" sizes=\"(max-width: 199px) 100vw, 199px\" \/>Fahrer:<\/strong> Brenn\u00a0Dirk, genannt <strong>\u00c4pfel<\/strong><\/p>\n<p>Langj\u00e4hriger Autocrosspilot und damit auch fr\u00fcherer Wegbegleiter von QuPe.\u00a0Vor dem Start die Ruhe in Person, &#8211; nach dem Start nicht mehr aufzuhalten!\u00a0Gelernter Funkentretzer mit Schrauberqualit\u00e4ten, leistet seit geraumer Zeit Entwicklungshilfe bei den 7&#8217;ern!<\/p>\n<p><em><strong>A&#8217;h wah, des godd scho!<\/strong><\/em><\/p>\n<p><strong>Rallye-Fahrzeug:\u00a0<\/strong><a title=\"\u201cRudolf\u201d \u2013 BMW 520i \u2013 Die Werkstatt\" href=\"http:\/\/www.bavarian-pathfinders.de\/?page_id=450\">Rudolf &#8211; Die Werkstatt<\/a><br \/>\n<strong>Fahrerkollege:<\/strong>\u00a0<a title=\"Matze\" href=\"http:\/\/www.bavarian-pathfinders.de\/?page_id=66\">Klaus &#8222;Matze&#8220; W\u00fcnsch<\/a><\/p>\n","protected":false},"excerpt":{"rendered":"<p>Fahrer: Brenn\u00a0Dirk, genannt \u00c4pfel Langj\u00e4hriger Autocrosspilot und damit auch fr\u00fcherer Wegbegleiter von QuPe.\u00a0Vor dem Start die Ruhe in Person, &#8211; nach dem Start nicht mehr aufzuhalten!\u00a0Gelernter Funkentretzer mit Schrauberqualit\u00e4ten, leistet seit geraumer Zeit Entwicklungshilfe bei den 7&#8217;ern! A&#8217;h wah, des godd scho! Rallye-Fahrzeug:\u00a0Rudolf &#8211; Die Werkstatt Fahrerkollege:\u00a0Klaus &#8222;Matze&#8220; W\u00fcnsch<a class=\"read-more \" href=\"http:\/\/www.bavarian-pathfinders.de\/?page_id=68\" title=\"Read More\"> <span class=\"button default\">Read More<\/span><\/a><\/p>\n","protected":false},"author":1,"featured_media":0,"parent":14,"menu_order":0,"comment_status":"closed","ping_status":"closed","template":"","meta":{"jetpack_post_was_ever_published":false,"footnotes":""},"jetpack_sharing_enabled":true,"jetpack_shortlink":"https:\/\/wp.me\/P33xOy-16","_links":{"self":[{"href":"http:\/\/www.bavarian-pathfinders.de\/index.php?rest_route=\/wp\/v2\/pages\/68"}],"collection":[{"href":"http:\/\/www.bavarian-pathfinders.de\/index.php?rest_route=\/wp\/v2\/pages"}],"about":[{"href":"http:\/\/www.bavarian-pathfinders.de\/index.php?rest_route=\/wp\/v2\/types\/page"}],"author":[{"embeddable":true,"href":"http:\/\/www.bavarian-pathfinders.de\/index.php?rest_route=\/wp\/v2\/users\/1"}],"replies":[{"embeddable":true,"href":"http:\/\/www.bavarian-pathfinders.de\/index.php?rest_route=%2Fwp%2Fv2%2Fcomments&post=68"}],"version-history":[{"count":18,"href":"http:\/\/www.bavarian-pathfinders.de\/index.php?rest_route=\/wp\/v2\/pages\/68\/revisions"}],"predecessor-version":[{"id":1182,"href":"http:\/\/www.bavarian-pathfinders.de\/index.php?rest_route=\/wp\/v2\/pages\/68\/revisions\/1182"}],"up":[{"embeddable":true,"href":"http:\/\/www.bavarian-pathfinders.de\/index.php?rest_route=\/wp\/v2\/pages\/14"}],"wp:attachment":[{"href":"http:\/\/www.bavarian-pathfinders.de\/index.php?rest_route=%2Fwp%2Fv2%2Fmedia&parent=68"}],"curies":[{"name":"wp","href":"https:\/\/api.w.org\/{rel}","templated":true}]}}