{"id":53,"date":"2012-07-12T19:25:21","date_gmt":"2012-07-12T17:25:21","guid":{"rendered":"http:\/\/bavarian-pf.hoschi.org\/?page_id=53"},"modified":"2016-04-21T09:33:35","modified_gmt":"2016-04-21T07:33:35","slug":"sponsoren","status":"publish","type":"page","link":"http:\/\/www.bavarian-pathfinders.de\/?page_id=53","title":{"rendered":"Sponsoren"},"content":{"rendered":"<table style=\"height: 50px; width: 300px; border: 2px dotted; margin-left: auto; margin-right: auto;\" cellpadding=\"10\">\n<tbody>\n<tr>\n<td style=\"text-align: center; vertical-align: center;\"><a href=\"http:\/\/www.bavarian-pathfinders.de\/wp-content\/uploads\/2013\/02\/Sponsoren-Info_v3_web.pdf\">Download<\/a><br \/>\n<a href=\"http:\/\/www.bavarian-pathfinders.de\/wp-content\/uploads\/2013\/02\/Sponsoren-Info_v3_web.pdf\"> Sponsoren-Infomappe (3,5 MB)<\/a><\/td>\n<\/tr>\n<\/tbody>\n<\/table>\n<p>Sie wollen uns mit unterst\u00fctzen? Dann schreiben Sie uns einfach \u00fcber unser <a title=\"Kontakt\" href=\"http:\/\/www.bavarian-pathfinders.de\/?page_id=92\">Kontaktformular<\/a>!<\/p>\n<p>Da die Rallye ausschlie\u00dflich humanit\u00e4re Ziele verfolgt, jedoch gerade f\u00fcr die Teilnehmer auch ein kostspieliges Unterfangen ist, w\u00fcrden wir uns nat\u00fcrlich \u00fcber Unterst\u00fctzung jeglicher Art freuen. Alle Unterst\u00fctzer und Sponsoren pr\u00e4sentieren wir gerne auf dieser Seite. Nat\u00fcrlich ist auch jede private Spende willkommen.<\/p>\n<p>Herzlichen Dank an alle unsere Unterst\u00fctzer, Sponsoren und Helfer!<\/p>\n<p>&nbsp;<\/p>\n<h2 style=\"text-align: center;\"><a href=\"http:\/\/www.bavarian-pathfinders.de\/?page_id=694\">Sponsoren 2013<\/a><\/h2>\n","protected":false},"excerpt":{"rendered":"<p>Download Sponsoren-Infomappe (3,5 MB) Sie wollen uns mit unterst\u00fctzen? Dann schreiben Sie uns einfach \u00fcber unser Kontaktformular! Da die Rallye ausschlie\u00dflich humanit\u00e4re Ziele verfolgt, jedoch gerade f\u00fcr die Teilnehmer auch ein kostspieliges Unterfangen ist, w\u00fcrden wir uns nat\u00fcrlich \u00fcber Unterst\u00fctzung jeglicher Art freuen. Alle Unterst\u00fctzer und Sponsoren pr\u00e4sentieren wir gerne auf dieser Seite. Nat\u00fcrlich ist<a class=\"read-more \" href=\"http:\/\/www.bavarian-pathfinders.de\/?page_id=53\" title=\"Read More\"> <span class=\"button default\">Read More<\/span><\/a><\/p>\n","protected":false},"author":1,"featured_media":0,"parent":1194,"menu_order":0,"comment_status":"closed","ping_status":"closed","template":"","meta":{"jetpack_post_was_ever_published":false,"footnotes":""},"jetpack_sharing_enabled":true,"jetpack_shortlink":"https:\/\/wp.me\/P33xOy-R","_links":{"self":[{"href":"http:\/\/www.bavarian-pathfinders.de\/index.php?rest_route=\/wp\/v2\/pages\/53"}],"collection":[{"href":"http:\/\/www.bavarian-pathfinders.de\/index.php?rest_route=\/wp\/v2\/pages"}],"about":[{"href":"http:\/\/www.bavarian-pathfinders.de\/index.php?rest_route=\/wp\/v2\/types\/page"}],"author":[{"embeddable":true,"href":"http:\/\/www.bavarian-pathfinders.de\/index.php?rest_route=\/wp\/v2\/users\/1"}],"replies":[{"embeddable":true,"href":"http:\/\/www.bavarian-pathfinders.de\/index.php?rest_route=%2Fwp%2Fv2%2Fcomments&post=53"}],"version-history":[{"count":44,"href":"http:\/\/www.bavarian-pathfinders.de\/index.php?rest_route=\/wp\/v2\/pages\/53\/revisions"}],"predecessor-version":[{"id":97,"href":"http:\/\/www.bavarian-pathfinders.de\/index.php?rest_route=\/wp\/v2\/pages\/53\/revisions\/97"}],"up":[{"embeddable":true,"href":"http:\/\/www.bavarian-pathfinders.de\/index.php?rest_route=\/wp\/v2\/pages\/1194"}],"wp:attachment":[{"href":"http:\/\/www.bavarian-pathfinders.de\/index.php?rest_route=%2Fwp%2Fv2%2Fmedia&parent=53"}],"curies":[{"name":"wp","href":"https:\/\/api.w.org\/{rel}","templated":true}]}}