{"id":450,"date":"2012-10-26T17:56:56","date_gmt":"2012-10-26T15:56:56","guid":{"rendered":"http:\/\/www.bavarian-pathfinders.de\/?page_id=450"},"modified":"2012-10-26T18:24:18","modified_gmt":"2012-10-26T16:24:18","slug":"rudolf-bmw-520i","status":"publish","type":"page","link":"http:\/\/www.bavarian-pathfinders.de\/?page_id=450","title":{"rendered":"&#8222;Rudolf&#8220; &#8211; BMW 520i &#8211; Die Werkstatt"},"content":{"rendered":"<p>Der letzte im Bunde ist Rudolf! W\u00e4hrend Edmund schon lackiert wurde, und Alfred bereits seinen Operationen entgegenfiebert, haben wir mit Rudolf den dritten BMW 520i Modell E34 gefunden. Und das beste dran, er ist schon wei\u00df! Nat\u00fcrlich wird auch Rudolf noch etwas aufgeh\u00fcbscht, aber eine komplette Lackierung entf\u00e4llt praktischerweise \ud83d\ude09 Hier wieder einmal die Eckdaten:<\/p>\n<ul>\n<li>BMW 520i Touring<\/li>\n<li>Schaltgetriebe<\/li>\n<li>Original-Farbe: wei\u00df (!!!)<\/li>\n<li>289.000 km<\/li>\n<li>T\u00dcV\/AU 12\/2013<\/li>\n<\/ul>\n<p>Wie auch Alfred haben wir Rudolf \u00fcber mobile.de gefunden und konnten ihn erfolgreich vom &#8222;Brabus-Tobi&#8220; (man bedenke, Brabus, Mercedes Tuner&#8230; \ud83d\ude09 ) abkaufen! Auch bei Tobi mussten wir nicht lange erz\u00e4hlen, worums geht, um Ihn von der Rallye und unserem Team zu begeistern. Somit war er auch sofort dabei uns mit einem Rabatt zu unterst\u00fctzen! Besten Dank Tobi!<\/p>\n<h4><strong>Besatzung:<\/strong><\/h4>\n<ul>\n<li><a title=\"Matze\" href=\"http:\/\/www.bavarian-pathfinders.de\/?page_id=66\">Klaus &#8222;Matze&#8220; W\u00fcnsch<\/a><\/li>\n<li><a title=\"\u00c4pfel\" href=\"http:\/\/www.bavarian-pathfinders.de\/?page_id=68\">Dirk &#8222;\u00c4pfel&#8220; Brenn<\/a><\/li>\n<\/ul>\n<p>Mit unseren beiden Schraubern an Bord wird Rudolf eindeutig zu unserem Service-, Teile- und Werkstattwagen.<\/p>\n<p>Und hier wie immer, Rudolfs Werdegang in Bildern:<\/p>\n<p>&nbsp;<\/p>\n\t\t\t\t\t\t<div class=\"gallery_box_single\">\n\t\t\t\t\t\t\t<h3>Live beim Kauf und kurz danach<\/h3>\r\nKeine Zeit zum Verstecken, selbst als er Nachts abgeholt wurde, haben wir ihn schon ein erstes Mal abgelichtet, ebenso als er am selben Abend noch Matze als \"Geburtstagsgeschenk\" \u00fcbergeben w\u00fcrde. Ein paar Tage sp\u00e4ter aber haben wir ihn auch nochmal im, leider tr\u00fcben, Tageslicht abgelichtet.\t\t\t\t\t\t\t\t<div class=\"gallery gllr_grid\" data-gllr-columns=\"3\" data-gllr-border-width=\"10\">\n\t\t\t\t\t\t\t\t\t\t\t\t\t\t\t\t\t\t\t\t<div class=\"gllr_image_row\">\n\t\t\t\t\t\t\t\t\t\t\t\t\t\t\t\t\t\t\t\t\t<div class=\"gllr_image_block\">\n\t\t\t\t\t\t\t\t\t\t\t\t<p style=\"\n\t\t\t\t\t\t\t\t\t\t\t\twidth:180px;height:140px;\t\t\t\t\t\t\t\t\t\t\t\t\">\n\t\t\t\t\t\t\t\t\t\t\t\t\t\t\t\t\t\t\t\t\t\t\t\t\t\t\t\t<a data-fancybox=\"gallery_fancybox_452\" href=\"http:\/\/www.bavarian-pathfinders.de\/wp-content\/uploads\/2012\/10\/IMG_6656-1024x768.jpg\" title=\"\" >\n\t\t\t\t\t\t\t\t\t\t\t\t\t\t\t\t<img decoding=\"async\" width=&quot;160&quot; height=&quot;120&quot; style=\"width:160px; height:120px; border-width: 10px; border-color:#f1f1f1;border: 10px solid #f1f1f1\" alt=\"\" title=\"\" src=\"http:\/\/www.bavarian-pathfinders.de\/wp-content\/uploads\/2012\/10\/IMG_6656-160x120.jpg\" rel=\"http:\/\/www.bavarian-pathfinders.de\/wp-content\/uploads\/2012\/10\/IMG_6656.JPG\" \/>\t\t\t\t\t\t\t\t\t\t\t\t\t\t\t<\/a>\n\t\t\t\t\t\t\t\t\t\t\t\t\t\t\t\t\t\t\t\t\t\t\t\t\t\t<\/p>\n\t\t\t\t\t\t\t\t\t\t\t\t\t\t\t\t\t\t\t\t\t\t\t\t\t<div \n\t\t\t\t\t\t\t\t\t\t\t\t\tstyle=\"width:180px;\"\t\t\t\t\t\t\t\t\t\t\t\t\tclass=\"gllr_single_image_text gllr_single_image_text_under\">&nbsp;<\/div>\n\t\t\t\t\t\t\t\t\t\t\t\t\t\t\t\t\t\t\t\t\t\t\t<\/div><!-- .gllr_image_block -->\n\t\t\t\t\t\t\t\t\t\t\t\t\t\t\t\t\t\t\t\t\t<div class=\"gllr_image_block\">\n\t\t\t\t\t\t\t\t\t\t\t\t<p style=\"\n\t\t\t\t\t\t\t\t\t\t\t\twidth:180px;height:140px;\t\t\t\t\t\t\t\t\t\t\t\t\">\n\t\t\t\t\t\t\t\t\t\t\t\t\t\t\t\t\t\t\t\t\t\t\t\t\t\t\t\t<a data-fancybox=\"gallery_fancybox_452\" href=\"http:\/\/www.bavarian-pathfinders.de\/wp-content\/uploads\/2012\/10\/IMG_6653-1024x768.jpg\" title=\"\" >\n\t\t\t\t\t\t\t\t\t\t\t\t\t\t\t\t<img decoding=\"async\" width=&quot;160&quot; height=&quot;120&quot; style=\"width:160px; height:120px; border-width: 10px; border-color:#f1f1f1;border: 10px solid #f1f1f1\" alt=\"\" title=\"\" src=\"http:\/\/www.bavarian-pathfinders.de\/wp-content\/uploads\/2012\/10\/IMG_6653-160x120.jpg\" rel=\"http:\/\/www.bavarian-pathfinders.de\/wp-content\/uploads\/2012\/10\/IMG_6653.JPG\" \/>\t\t\t\t\t\t\t\t\t\t\t\t\t\t\t<\/a>\n\t\t\t\t\t\t\t\t\t\t\t\t\t\t\t\t\t\t\t\t\t\t\t\t\t\t<\/p>\n\t\t\t\t\t\t\t\t\t\t\t\t\t\t\t\t\t\t\t\t\t\t\t\t\t<div \n\t\t\t\t\t\t\t\t\t\t\t\t\tstyle=\"width:180px;\"\t\t\t\t\t\t\t\t\t\t\t\t\tclass=\"gllr_single_image_text gllr_single_image_text_under\">&nbsp;<\/div>\n\t\t\t\t\t\t\t\t\t\t\t\t\t\t\t\t\t\t\t\t\t\t\t<\/div><!-- .gllr_image_block -->\n\t\t\t\t\t\t\t\t\t\t\t\t\t\t\t\t\t\t\t\t\t<div class=\"gllr_image_block\">\n\t\t\t\t\t\t\t\t\t\t\t\t<p style=\"\n\t\t\t\t\t\t\t\t\t\t\t\twidth:180px;height:140px;\t\t\t\t\t\t\t\t\t\t\t\t\">\n\t\t\t\t\t\t\t\t\t\t\t\t\t\t\t\t\t\t\t\t\t\t\t\t\t\t\t\t<a data-fancybox=\"gallery_fancybox_452\" href=\"http:\/\/www.bavarian-pathfinders.de\/wp-content\/uploads\/2012\/10\/IMG_6662-1024x768.jpg\" title=\"\" >\n\t\t\t\t\t\t\t\t\t\t\t\t\t\t\t\t<img decoding=\"async\" width=&quot;160&quot; height=&quot;120&quot; style=\"width:160px; height:120px; border-width: 10px; border-color:#f1f1f1;border: 10px solid #f1f1f1\" alt=\"\" title=\"\" src=\"http:\/\/www.bavarian-pathfinders.de\/wp-content\/uploads\/2012\/10\/IMG_6662-160x120.jpg\" rel=\"http:\/\/www.bavarian-pathfinders.de\/wp-content\/uploads\/2012\/10\/IMG_6662.JPG\" \/>\t\t\t\t\t\t\t\t\t\t\t\t\t\t\t<\/a>\n\t\t\t\t\t\t\t\t\t\t\t\t\t\t\t\t\t\t\t\t\t\t\t\t\t\t<\/p>\n\t\t\t\t\t\t\t\t\t\t\t\t\t\t\t\t\t\t\t\t\t\t\t\t\t<div \n\t\t\t\t\t\t\t\t\t\t\t\t\tstyle=\"width:180px;\"\t\t\t\t\t\t\t\t\t\t\t\t\tclass=\"gllr_single_image_text gllr_single_image_text_under\">&nbsp;<\/div>\n\t\t\t\t\t\t\t\t\t\t\t\t\t\t\t\t\t\t\t\t\t\t\t<\/div><!-- .gllr_image_block -->\n\t\t\t\t\t\t\t\t\t\t\t\t\t\t\t\t\t\t\t\t\t<\/div><!-- .gllr_image_row -->\n\t\t\t\t\t\t\t\t\t\t\t\t\t\t\t\t\t\t\t\t\t\t<div class=\"gllr_image_row\">\n\t\t\t\t\t\t\t\t\t\t\t\t\t\t\t\t\t\t\t\t\t<div class=\"gllr_image_block\">\n\t\t\t\t\t\t\t\t\t\t\t\t<p style=\"\n\t\t\t\t\t\t\t\t\t\t\t\twidth:180px;height:140px;\t\t\t\t\t\t\t\t\t\t\t\t\">\n\t\t\t\t\t\t\t\t\t\t\t\t\t\t\t\t\t\t\t\t\t\t\t\t\t\t\t\t<a data-fancybox=\"gallery_fancybox_452\" href=\"http:\/\/www.bavarian-pathfinders.de\/wp-content\/uploads\/2012\/10\/IMG_6660-1024x768.jpg\" title=\"\" >\n\t\t\t\t\t\t\t\t\t\t\t\t\t\t\t\t<img decoding=\"async\" width=&quot;160&quot; height=&quot;120&quot; style=\"width:160px; height:120px; border-width: 10px; border-color:#f1f1f1;border: 10px solid #f1f1f1\" alt=\"\" title=\"\" src=\"http:\/\/www.bavarian-pathfinders.de\/wp-content\/uploads\/2012\/10\/IMG_6660-160x120.jpg\" rel=\"http:\/\/www.bavarian-pathfinders.de\/wp-content\/uploads\/2012\/10\/IMG_6660.JPG\" \/>\t\t\t\t\t\t\t\t\t\t\t\t\t\t\t<\/a>\n\t\t\t\t\t\t\t\t\t\t\t\t\t\t\t\t\t\t\t\t\t\t\t\t\t\t<\/p>\n\t\t\t\t\t\t\t\t\t\t\t\t\t\t\t\t\t\t\t\t\t\t\t\t\t<div \n\t\t\t\t\t\t\t\t\t\t\t\t\tstyle=\"width:180px;\"\t\t\t\t\t\t\t\t\t\t\t\t\tclass=\"gllr_single_image_text gllr_single_image_text_under\">&nbsp;<\/div>\n\t\t\t\t\t\t\t\t\t\t\t\t\t\t\t\t\t\t\t\t\t\t\t<\/div><!-- .gllr_image_block -->\n\t\t\t\t\t\t\t\t\t\t\t\t\t\t\t\t\t\t\t\t\t<div class=\"gllr_image_block\">\n\t\t\t\t\t\t\t\t\t\t\t\t<p style=\"\n\t\t\t\t\t\t\t\t\t\t\t\twidth:180px;height:140px;\t\t\t\t\t\t\t\t\t\t\t\t\">\n\t\t\t\t\t\t\t\t\t\t\t\t\t\t\t\t\t\t\t\t\t\t\t\t\t\t\t\t<a data-fancybox=\"gallery_fancybox_452\" href=\"http:\/\/www.bavarian-pathfinders.de\/wp-content\/uploads\/2012\/10\/IMG_6664-1024x768.jpg\" title=\"\" >\n\t\t\t\t\t\t\t\t\t\t\t\t\t\t\t\t<img decoding=\"async\" width=&quot;160&quot; height=&quot;120&quot; style=\"width:160px; height:120px; border-width: 10px; border-color:#f1f1f1;border: 10px solid #f1f1f1\" alt=\"\" title=\"\" src=\"http:\/\/www.bavarian-pathfinders.de\/wp-content\/uploads\/2012\/10\/IMG_6664-160x120.jpg\" rel=\"http:\/\/www.bavarian-pathfinders.de\/wp-content\/uploads\/2012\/10\/IMG_6664.JPG\" \/>\t\t\t\t\t\t\t\t\t\t\t\t\t\t\t<\/a>\n\t\t\t\t\t\t\t\t\t\t\t\t\t\t\t\t\t\t\t\t\t\t\t\t\t\t<\/p>\n\t\t\t\t\t\t\t\t\t\t\t\t\t\t\t\t\t\t\t\t\t\t\t\t\t<div \n\t\t\t\t\t\t\t\t\t\t\t\t\tstyle=\"width:180px;\"\t\t\t\t\t\t\t\t\t\t\t\t\tclass=\"gllr_single_image_text gllr_single_image_text_under\">&nbsp;<\/div>\n\t\t\t\t\t\t\t\t\t\t\t\t\t\t\t\t\t\t\t\t\t\t\t<\/div><!-- .gllr_image_block -->\n\t\t\t\t\t\t\t\t\t\t\t\t\t\t\t\t\t\t\t\t\t<div class=\"clear\"><\/div>\n\t\t\t\t\t\t\t\t\t\t<\/div><!-- .gllr_image_row -->\n\t\t\t\t\t\t\t\t\t\t\t\t\t\t\t\t\t<\/div><!-- .gallery.clearfix -->\n\t\t\t\t\t\t\t\t\t\t\t\t\t\t<\/div><!-- .gallery_box_single -->\n\t\t\t\t\t\t<div class=\"gllr_clear\"><\/div>\n\t\t\t\t\t\t\n","protected":false},"excerpt":{"rendered":"<p>Der letzte im Bunde ist Rudolf! W\u00e4hrend Edmund schon lackiert wurde, und Alfred bereits seinen Operationen entgegenfiebert, haben wir mit Rudolf den dritten BMW 520i Modell E34 gefunden. Und das beste dran, er ist schon wei\u00df! Nat\u00fcrlich wird auch Rudolf noch etwas aufgeh\u00fcbscht, aber eine komplette Lackierung entf\u00e4llt praktischerweise \ud83d\ude09 Hier wieder einmal die Eckdaten:<a class=\"read-more \" href=\"http:\/\/www.bavarian-pathfinders.de\/?gallery=alfred-bmw-520i-touring-e34-nach-dem-kauf-2\" title=\"Read More\"> <span class=\"button default\">Read More<\/span><\/a><\/p>\n","protected":false},"author":1,"featured_media":0,"parent":106,"menu_order":3,"comment_status":"open","ping_status":"open","template":"","meta":{"jetpack_post_was_ever_published":false,"footnotes":""},"jetpack_sharing_enabled":true,"jetpack_shortlink":"https:\/\/wp.me\/P33xOy-7g","_links":{"self":[{"href":"http:\/\/www.bavarian-pathfinders.de\/index.php?rest_route=\/wp\/v2\/pages\/450"}],"collection":[{"href":"http:\/\/www.bavarian-pathfinders.de\/index.php?rest_route=\/wp\/v2\/pages"}],"about":[{"href":"http:\/\/www.bavarian-pathfinders.de\/index.php?rest_route=\/wp\/v2\/types\/page"}],"author":[{"embeddable":true,"href":"http:\/\/www.bavarian-pathfinders.de\/index.php?rest_route=\/wp\/v2\/users\/1"}],"replies":[{"embeddable":true,"href":"http:\/\/www.bavarian-pathfinders.de\/index.php?rest_route=%2Fwp%2Fv2%2Fcomments&post=450"}],"version-history":[{"count":7,"href":"http:\/\/www.bavarian-pathfinders.de\/index.php?rest_route=\/wp\/v2\/pages\/450\/revisions"}],"predecessor-version":[{"id":462,"href":"http:\/\/www.bavarian-pathfinders.de\/index.php?rest_route=\/wp\/v2\/pages\/450\/revisions\/462"}],"up":[{"embeddable":true,"href":"http:\/\/www.bavarian-pathfinders.de\/index.php?rest_route=\/wp\/v2\/pages\/106"}],"wp:attachment":[{"href":"http:\/\/www.bavarian-pathfinders.de\/index.php?rest_route=%2Fwp%2Fv2%2Fmedia&parent=450"}],"curies":[{"name":"wp","href":"https:\/\/api.w.org\/{rel}","templated":true}]}}