{"id":39,"date":"2012-07-12T18:32:32","date_gmt":"2012-07-12T16:32:32","guid":{"rendered":"http:\/\/bavarian-pf.hoschi.org\/?page_id=39"},"modified":"2017-08-03T13:04:56","modified_gmt":"2017-08-03T11:04:56","slug":"gastebuch","status":"publish","type":"page","link":"http:\/\/www.bavarian-pathfinders.de\/?page_id=39","title":{"rendered":"G\u00e4stebuch"},"content":{"rendered":"<p>Grunds\u00e4tzlich findet Ihr auf jeder einzelnen Seite die M\u00f6glichkeit, diese zu kommentieren. Hier bieten wir Euch aber noch zus\u00e4tzlich ein allgemeines &#8222;G\u00e4stebuch&#8220;. Wir freuen uns auf Eure Eintr\u00e4ge!<\/p>\n","protected":false},"excerpt":{"rendered":"<p>Grunds\u00e4tzlich findet Ihr auf jeder einzelnen Seite die M\u00f6glichkeit, diese zu kommentieren. Hier bieten wir Euch aber noch zus\u00e4tzlich ein allgemeines &#8222;G\u00e4stebuch&#8220;. Wir freuen uns auf Eure Eintr\u00e4ge!<a class=\"read-more \" href=\"http:\/\/www.bavarian-pathfinders.de\/?page_id=39\" title=\"Read More\"> <span class=\"button default\">Read More<\/span><\/a><\/p>\n","protected":false},"author":1,"featured_media":0,"parent":0,"menu_order":8,"comment_status":"open","ping_status":"open","template":"","meta":{"jetpack_post_was_ever_published":false,"footnotes":""},"jetpack_sharing_enabled":true,"jetpack_shortlink":"https:\/\/wp.me\/P33xOy-D","_links":{"self":[{"href":"http:\/\/www.bavarian-pathfinders.de\/index.php?rest_route=\/wp\/v2\/pages\/39"}],"collection":[{"href":"http:\/\/www.bavarian-pathfinders.de\/index.php?rest_route=\/wp\/v2\/pages"}],"about":[{"href":"http:\/\/www.bavarian-pathfinders.de\/index.php?rest_route=\/wp\/v2\/types\/page"}],"author":[{"embeddable":true,"href":"http:\/\/www.bavarian-pathfinders.de\/index.php?rest_route=\/wp\/v2\/users\/1"}],"replies":[{"embeddable":true,"href":"http:\/\/www.bavarian-pathfinders.de\/index.php?rest_route=%2Fwp%2Fv2%2Fcomments&post=39"}],"version-history":[{"count":5,"href":"http:\/\/www.bavarian-pathfinders.de\/index.php?rest_route=\/wp\/v2\/pages\/39\/revisions"}],"predecessor-version":[{"id":1538,"href":"http:\/\/www.bavarian-pathfinders.de\/index.php?rest_route=\/wp\/v2\/pages\/39\/revisions\/1538"}],"wp:attachment":[{"href":"http:\/\/www.bavarian-pathfinders.de\/index.php?rest_route=%2Fwp%2Fv2%2Fmedia&parent=39"}],"curies":[{"name":"wp","href":"https:\/\/api.w.org\/{rel}","templated":true}]}}