{"id":323,"date":"2012-09-09T13:44:56","date_gmt":"2012-09-09T11:44:56","guid":{"rendered":"http:\/\/www.bavarian-pathfinders.de\/?page_id=323"},"modified":"2012-11-14T18:35:15","modified_gmt":"2012-11-14T16:35:15","slug":"alfred-bmw-520i","status":"publish","type":"page","link":"http:\/\/www.bavarian-pathfinders.de\/?page_id=323","title":{"rendered":"&#8222;Alfred&#8220; &#8211; BMW 520i &#8211; Der Scout"},"content":{"rendered":"<p>Mit <strong>&#8222;Alfred&#8220;<\/strong> haben wir unser zweites Team-Fahrzeug gefunden. Frei getauft nach dem im Brief eingetragenen Vater des Vorbesitzers handelt es sich auch bei &#8222;Alfred&#8220; um einen BMW 520i Touring Modell E34. Hier einmal kurz die Eckdaten:<\/p>\n<ul>\n<li>BMW 520i Touring<\/li>\n<li>Schaltgetriebe<\/li>\n<li>Original-Farbe: gr\u00fcn<\/li>\n<li>295.000 km<\/li>\n<li>T\u00dcV\/AU 05\/2013<\/li>\n<\/ul>\n<p>Gefunden haben wir &#8222;Alfred&#8220; \u00fcbrigens \u00fcber Mobile.de. Die Verk\u00e4ufer (Verena und Dieter) waren sehr angetan von unserem Vorhaben und unterst\u00fctzen unser Team mit einem satten Rabatt auf den eigentlichen Kaufpreis von &#8222;Alfred&#8220;. Herzlichen Dank auch nochmal an dieser Stelle!<\/p>\n<h4>Besatzung:<\/h4>\n<ul>\n<li><a title=\"QuPe\" href=\"http:\/\/www.bavarian-pathfinders.de\/?page_id=17\">Peter &#8222;QuPe&#8220; Quecke<\/a><\/li>\n<li><a title=\"Slash\" href=\"http:\/\/www.bavarian-pathfinders.de\/?page_id=22\">J\u00fcrgen &#8222;Slash&#8220; Hirschbeck<\/a><\/li>\n<\/ul>\n<p>An der Besatzung erkennt man schon, Alfred wird unser Scout sein! Mit Teamchef und Navigator als Besatzung bleibt ihm kaum eine andere Wahl \ud83d\ude09<\/p>\n<p>Alfreds Werdegang vom gr\u00fcnen Stra\u00dfenwagen zum bayrischen Rallyeauto gibts hier nat\u00fcrlich bebildert:<\/p>\n<p>&nbsp;<\/p>\n\t\t\t\t\t\t<div class=\"gallery_box_single\">\n\t\t\t\t\t\t\t<h3>Alfred beim Abschminken<\/h3>\r\nWir haben mal wieder \u00dcberstunden genutzt und unseren Alfred abgeschliffen. Jetzt ist also auch Alfred bereit seine neue Lackierung in einem strahlenden Wei\u00df zu erhalten.\t\t\t\t\t\t\t\t<div class=\"gallery gllr_grid\" data-gllr-columns=\"3\" data-gllr-border-width=\"10\">\n\t\t\t\t\t\t\t\t\t\t\t\t\t\t\t\t\t\t\t\t<div class=\"gllr_image_row\">\n\t\t\t\t\t\t\t\t\t\t\t\t\t\t\t\t\t\t\t\t\t<div class=\"gllr_image_block\">\n\t\t\t\t\t\t\t\t\t\t\t\t<p style=\"\n\t\t\t\t\t\t\t\t\t\t\t\twidth:180px;height:140px;\t\t\t\t\t\t\t\t\t\t\t\t\">\n\t\t\t\t\t\t\t\t\t\t\t\t\t\t\t\t\t\t\t\t\t\t\t\t\t\t\t\t<a data-fancybox=\"gallery_fancybox_548\" href=\"http:\/\/www.bavarian-pathfinders.de\/wp-content\/uploads\/2012\/11\/IMG_6681-1024x768.jpg\" title=\"\" >\n\t\t\t\t\t\t\t\t\t\t\t\t\t\t\t\t<img decoding=\"async\" width=&quot;160&quot; height=&quot;120&quot; style=\"width:160px; height:120px; border-width: 10px; border-color:#f1f1f1;border: 10px solid #f1f1f1\" alt=\"\" title=\"\" src=\"http:\/\/www.bavarian-pathfinders.de\/wp-content\/uploads\/2012\/11\/IMG_6681-160x120.jpg\" rel=\"http:\/\/www.bavarian-pathfinders.de\/wp-content\/uploads\/2012\/11\/IMG_6681.JPG\" \/>\t\t\t\t\t\t\t\t\t\t\t\t\t\t\t<\/a>\n\t\t\t\t\t\t\t\t\t\t\t\t\t\t\t\t\t\t\t\t\t\t\t\t\t\t<\/p>\n\t\t\t\t\t\t\t\t\t\t\t\t\t\t\t\t\t\t\t\t\t\t\t\t\t<div \n\t\t\t\t\t\t\t\t\t\t\t\t\tstyle=\"width:180px;\"\t\t\t\t\t\t\t\t\t\t\t\t\tclass=\"gllr_single_image_text gllr_single_image_text_under\">&nbsp;<\/div>\n\t\t\t\t\t\t\t\t\t\t\t\t\t\t\t\t\t\t\t\t\t\t\t<\/div><!-- .gllr_image_block -->\n\t\t\t\t\t\t\t\t\t\t\t\t\t\t\t\t\t\t\t\t\t<div class=\"gllr_image_block\">\n\t\t\t\t\t\t\t\t\t\t\t\t<p style=\"\n\t\t\t\t\t\t\t\t\t\t\t\twidth:180px;height:140px;\t\t\t\t\t\t\t\t\t\t\t\t\">\n\t\t\t\t\t\t\t\t\t\t\t\t\t\t\t\t\t\t\t\t\t\t\t\t\t\t\t\t<a data-fancybox=\"gallery_fancybox_548\" href=\"http:\/\/www.bavarian-pathfinders.de\/wp-content\/uploads\/2012\/11\/IMG_6680-768x1024.jpg\" title=\"\" >\n\t\t\t\t\t\t\t\t\t\t\t\t\t\t\t\t<img decoding=\"async\" width=&quot;160&quot; height=&quot;120&quot; style=\"width:160px; height:120px; border-width: 10px; border-color:#f1f1f1;border: 10px solid #f1f1f1\" alt=\"\" title=\"\" src=\"http:\/\/www.bavarian-pathfinders.de\/wp-content\/uploads\/2012\/11\/IMG_6680-160x120.jpg\" rel=\"http:\/\/www.bavarian-pathfinders.de\/wp-content\/uploads\/2012\/11\/IMG_6680.JPG\" \/>\t\t\t\t\t\t\t\t\t\t\t\t\t\t\t<\/a>\n\t\t\t\t\t\t\t\t\t\t\t\t\t\t\t\t\t\t\t\t\t\t\t\t\t\t<\/p>\n\t\t\t\t\t\t\t\t\t\t\t\t\t\t\t\t\t\t\t\t\t\t\t\t\t<div \n\t\t\t\t\t\t\t\t\t\t\t\t\tstyle=\"width:180px;\"\t\t\t\t\t\t\t\t\t\t\t\t\tclass=\"gllr_single_image_text gllr_single_image_text_under\">&nbsp;<\/div>\n\t\t\t\t\t\t\t\t\t\t\t\t\t\t\t\t\t\t\t\t\t\t\t<\/div><!-- .gllr_image_block -->\n\t\t\t\t\t\t\t\t\t\t\t\t\t\t\t\t\t\t\t\t\t<div class=\"gllr_image_block\">\n\t\t\t\t\t\t\t\t\t\t\t\t<p style=\"\n\t\t\t\t\t\t\t\t\t\t\t\twidth:180px;height:140px;\t\t\t\t\t\t\t\t\t\t\t\t\">\n\t\t\t\t\t\t\t\t\t\t\t\t\t\t\t\t\t\t\t\t\t\t\t\t\t\t\t\t<a data-fancybox=\"gallery_fancybox_548\" href=\"http:\/\/www.bavarian-pathfinders.de\/wp-content\/uploads\/2012\/11\/IMG_6688-1024x768.jpg\" title=\"\" >\n\t\t\t\t\t\t\t\t\t\t\t\t\t\t\t\t<img decoding=\"async\" width=&quot;160&quot; height=&quot;120&quot; style=\"width:160px; height:120px; border-width: 10px; border-color:#f1f1f1;border: 10px solid #f1f1f1\" alt=\"\" title=\"\" src=\"http:\/\/www.bavarian-pathfinders.de\/wp-content\/uploads\/2012\/11\/IMG_6688-160x120.jpg\" rel=\"http:\/\/www.bavarian-pathfinders.de\/wp-content\/uploads\/2012\/11\/IMG_6688.JPG\" \/>\t\t\t\t\t\t\t\t\t\t\t\t\t\t\t<\/a>\n\t\t\t\t\t\t\t\t\t\t\t\t\t\t\t\t\t\t\t\t\t\t\t\t\t\t<\/p>\n\t\t\t\t\t\t\t\t\t\t\t\t\t\t\t\t\t\t\t\t\t\t\t\t\t<div \n\t\t\t\t\t\t\t\t\t\t\t\t\tstyle=\"width:180px;\"\t\t\t\t\t\t\t\t\t\t\t\t\tclass=\"gllr_single_image_text gllr_single_image_text_under\">&nbsp;<\/div>\n\t\t\t\t\t\t\t\t\t\t\t\t\t\t\t\t\t\t\t\t\t\t\t<\/div><!-- .gllr_image_block -->\n\t\t\t\t\t\t\t\t\t\t\t\t\t\t\t\t\t\t\t\t\t<\/div><!-- .gllr_image_row -->\n\t\t\t\t\t\t\t\t\t\t\t\t\t\t\t\t\t\t\t\t\t\t<div class=\"gllr_image_row\">\n\t\t\t\t\t\t\t\t\t\t\t\t\t\t\t\t\t\t\t\t\t<div class=\"gllr_image_block\">\n\t\t\t\t\t\t\t\t\t\t\t\t<p style=\"\n\t\t\t\t\t\t\t\t\t\t\t\twidth:180px;height:140px;\t\t\t\t\t\t\t\t\t\t\t\t\">\n\t\t\t\t\t\t\t\t\t\t\t\t\t\t\t\t\t\t\t\t\t\t\t\t\t\t\t\t<a data-fancybox=\"gallery_fancybox_548\" href=\"http:\/\/www.bavarian-pathfinders.de\/wp-content\/uploads\/2012\/11\/IMG_6684-1024x768.jpg\" title=\"\" >\n\t\t\t\t\t\t\t\t\t\t\t\t\t\t\t\t<img decoding=\"async\" width=&quot;160&quot; height=&quot;120&quot; style=\"width:160px; height:120px; border-width: 10px; border-color:#f1f1f1;border: 10px solid #f1f1f1\" alt=\"\" title=\"\" src=\"http:\/\/www.bavarian-pathfinders.de\/wp-content\/uploads\/2012\/11\/IMG_6684-160x120.jpg\" rel=\"http:\/\/www.bavarian-pathfinders.de\/wp-content\/uploads\/2012\/11\/IMG_6684.JPG\" \/>\t\t\t\t\t\t\t\t\t\t\t\t\t\t\t<\/a>\n\t\t\t\t\t\t\t\t\t\t\t\t\t\t\t\t\t\t\t\t\t\t\t\t\t\t<\/p>\n\t\t\t\t\t\t\t\t\t\t\t\t\t\t\t\t\t\t\t\t\t\t\t\t\t<div \n\t\t\t\t\t\t\t\t\t\t\t\t\tstyle=\"width:180px;\"\t\t\t\t\t\t\t\t\t\t\t\t\tclass=\"gllr_single_image_text gllr_single_image_text_under\">&nbsp;<\/div>\n\t\t\t\t\t\t\t\t\t\t\t\t\t\t\t\t\t\t\t\t\t\t\t<\/div><!-- .gllr_image_block -->\n\t\t\t\t\t\t\t\t\t\t\t\t\t\t\t\t\t\t\t\t\t<div class=\"gllr_image_block\">\n\t\t\t\t\t\t\t\t\t\t\t\t<p style=\"\n\t\t\t\t\t\t\t\t\t\t\t\twidth:180px;height:140px;\t\t\t\t\t\t\t\t\t\t\t\t\">\n\t\t\t\t\t\t\t\t\t\t\t\t\t\t\t\t\t\t\t\t\t\t\t\t\t\t\t\t<a data-fancybox=\"gallery_fancybox_548\" href=\"http:\/\/www.bavarian-pathfinders.de\/wp-content\/uploads\/2012\/11\/IMG_6685-1024x768.jpg\" title=\"\" >\n\t\t\t\t\t\t\t\t\t\t\t\t\t\t\t\t<img decoding=\"async\" width=&quot;160&quot; height=&quot;120&quot; style=\"width:160px; height:120px; border-width: 10px; border-color:#f1f1f1;border: 10px solid #f1f1f1\" alt=\"\" title=\"\" src=\"http:\/\/www.bavarian-pathfinders.de\/wp-content\/uploads\/2012\/11\/IMG_6685-160x120.jpg\" rel=\"http:\/\/www.bavarian-pathfinders.de\/wp-content\/uploads\/2012\/11\/IMG_6685.JPG\" \/>\t\t\t\t\t\t\t\t\t\t\t\t\t\t\t<\/a>\n\t\t\t\t\t\t\t\t\t\t\t\t\t\t\t\t\t\t\t\t\t\t\t\t\t\t<\/p>\n\t\t\t\t\t\t\t\t\t\t\t\t\t\t\t\t\t\t\t\t\t\t\t\t\t<div \n\t\t\t\t\t\t\t\t\t\t\t\t\tstyle=\"width:180px;\"\t\t\t\t\t\t\t\t\t\t\t\t\tclass=\"gllr_single_image_text gllr_single_image_text_under\">&nbsp;<\/div>\n\t\t\t\t\t\t\t\t\t\t\t\t\t\t\t\t\t\t\t\t\t\t\t<\/div><!-- .gllr_image_block -->\n\t\t\t\t\t\t\t\t\t\t\t\t\t\t\t\t\t\t\t\t\t<div class=\"gllr_image_block\">\n\t\t\t\t\t\t\t\t\t\t\t\t<p style=\"\n\t\t\t\t\t\t\t\t\t\t\t\twidth:180px;height:140px;\t\t\t\t\t\t\t\t\t\t\t\t\">\n\t\t\t\t\t\t\t\t\t\t\t\t\t\t\t\t\t\t\t\t\t\t\t\t\t\t\t\t<a data-fancybox=\"gallery_fancybox_548\" href=\"http:\/\/www.bavarian-pathfinders.de\/wp-content\/uploads\/2012\/11\/IMG_6686-1024x768.jpg\" title=\"\" >\n\t\t\t\t\t\t\t\t\t\t\t\t\t\t\t\t<img decoding=\"async\" width=&quot;160&quot; height=&quot;120&quot; style=\"width:160px; height:120px; border-width: 10px; border-color:#f1f1f1;border: 10px solid #f1f1f1\" alt=\"\" title=\"\" src=\"http:\/\/www.bavarian-pathfinders.de\/wp-content\/uploads\/2012\/11\/IMG_6686-160x120.jpg\" rel=\"http:\/\/www.bavarian-pathfinders.de\/wp-content\/uploads\/2012\/11\/IMG_6686.JPG\" \/>\t\t\t\t\t\t\t\t\t\t\t\t\t\t\t<\/a>\n\t\t\t\t\t\t\t\t\t\t\t\t\t\t\t\t\t\t\t\t\t\t\t\t\t\t<\/p>\n\t\t\t\t\t\t\t\t\t\t\t\t\t\t\t\t\t\t\t\t\t\t\t\t\t<div \n\t\t\t\t\t\t\t\t\t\t\t\t\tstyle=\"width:180px;\"\t\t\t\t\t\t\t\t\t\t\t\t\tclass=\"gllr_single_image_text gllr_single_image_text_under\">&nbsp;<\/div>\n\t\t\t\t\t\t\t\t\t\t\t\t\t\t\t\t\t\t\t\t\t\t\t<\/div><!-- .gllr_image_block -->\n\t\t\t\t\t\t\t\t\t\t\t\t\t\t\t\t\t\t\t\t\t<\/div><!-- .gllr_image_row -->\n\t\t\t\t\t\t\t\t\t\t\t\t\t\t\t\t\t\t\t<\/div><!-- .gallery.clearfix -->\n\t\t\t\t\t\t\t\t\t\t\t\t\t\t<\/div><!-- .gallery_box_single -->\n\t\t\t\t\t\t<div class=\"gllr_clear\"><\/div>\n\t\t\t\t\t\t\n\t\t\t\t\t\t<div class=\"gallery_box_single\">\n\t\t\t\t\t\t\t<h3>Auch Alfred muss zerlegt werden!<\/h3>\r\nNachdem Edmund ja nun schon erfolgreich wei\u00df lackiert wurde, gehts mit Alfred weiter. Am Samstag den 10.11.2012 war also mal wieder ein Schraubertag angesagt, und Alfred musste die H\u00fcllen fallen lassen. Wie er bald aussehen soll, sieht man ja schon im Hintergrund.\t\t\t\t\t\t\t\t<div class=\"gallery gllr_grid\" data-gllr-columns=\"3\" data-gllr-border-width=\"10\">\n\t\t\t\t\t\t\t\t\t\t\t\t\t\t\t\t\t\t\t\t<div class=\"gllr_image_row\">\n\t\t\t\t\t\t\t\t\t\t\t\t\t\t\t\t\t\t\t\t\t<div class=\"gllr_image_block\">\n\t\t\t\t\t\t\t\t\t\t\t\t<p style=\"\n\t\t\t\t\t\t\t\t\t\t\t\twidth:180px;height:140px;\t\t\t\t\t\t\t\t\t\t\t\t\">\n\t\t\t\t\t\t\t\t\t\t\t\t\t\t\t\t\t\t\t\t\t\t\t\t\t\t\t\t<a data-fancybox=\"gallery_fancybox_536\" href=\"http:\/\/www.bavarian-pathfinders.de\/wp-content\/uploads\/2012\/11\/IMG_6674-1024x768.jpg\" title=\"\" >\n\t\t\t\t\t\t\t\t\t\t\t\t\t\t\t\t<img decoding=\"async\" width=&quot;160&quot; height=&quot;120&quot; style=\"width:160px; height:120px; border-width: 10px; border-color:#f1f1f1;border: 10px solid #f1f1f1\" alt=\"\" title=\"\" src=\"http:\/\/www.bavarian-pathfinders.de\/wp-content\/uploads\/2012\/11\/IMG_6674-160x120.jpg\" rel=\"http:\/\/www.bavarian-pathfinders.de\/wp-content\/uploads\/2012\/11\/IMG_6674.JPG\" \/>\t\t\t\t\t\t\t\t\t\t\t\t\t\t\t<\/a>\n\t\t\t\t\t\t\t\t\t\t\t\t\t\t\t\t\t\t\t\t\t\t\t\t\t\t<\/p>\n\t\t\t\t\t\t\t\t\t\t\t\t\t\t\t\t\t\t\t\t\t\t\t\t\t<div \n\t\t\t\t\t\t\t\t\t\t\t\t\tstyle=\"width:180px;\"\t\t\t\t\t\t\t\t\t\t\t\t\tclass=\"gllr_single_image_text gllr_single_image_text_under\">&nbsp;<\/div>\n\t\t\t\t\t\t\t\t\t\t\t\t\t\t\t\t\t\t\t\t\t\t\t<\/div><!-- .gllr_image_block -->\n\t\t\t\t\t\t\t\t\t\t\t\t\t\t\t\t\t\t\t\t\t<div class=\"gllr_image_block\">\n\t\t\t\t\t\t\t\t\t\t\t\t<p style=\"\n\t\t\t\t\t\t\t\t\t\t\t\twidth:180px;height:140px;\t\t\t\t\t\t\t\t\t\t\t\t\">\n\t\t\t\t\t\t\t\t\t\t\t\t\t\t\t\t\t\t\t\t\t\t\t\t\t\t\t\t<a data-fancybox=\"gallery_fancybox_536\" href=\"http:\/\/www.bavarian-pathfinders.de\/wp-content\/uploads\/2012\/11\/IMG_6677-1024x768.jpg\" title=\"\" >\n\t\t\t\t\t\t\t\t\t\t\t\t\t\t\t\t<img decoding=\"async\" width=&quot;160&quot; height=&quot;120&quot; style=\"width:160px; height:120px; border-width: 10px; border-color:#f1f1f1;border: 10px solid #f1f1f1\" alt=\"\" title=\"\" src=\"http:\/\/www.bavarian-pathfinders.de\/wp-content\/uploads\/2012\/11\/IMG_6677-160x120.jpg\" rel=\"http:\/\/www.bavarian-pathfinders.de\/wp-content\/uploads\/2012\/11\/IMG_6677.JPG\" \/>\t\t\t\t\t\t\t\t\t\t\t\t\t\t\t<\/a>\n\t\t\t\t\t\t\t\t\t\t\t\t\t\t\t\t\t\t\t\t\t\t\t\t\t\t<\/p>\n\t\t\t\t\t\t\t\t\t\t\t\t\t\t\t\t\t\t\t\t\t\t\t\t\t<div \n\t\t\t\t\t\t\t\t\t\t\t\t\tstyle=\"width:180px;\"\t\t\t\t\t\t\t\t\t\t\t\t\tclass=\"gllr_single_image_text gllr_single_image_text_under\">&nbsp;<\/div>\n\t\t\t\t\t\t\t\t\t\t\t\t\t\t\t\t\t\t\t\t\t\t\t<\/div><!-- .gllr_image_block -->\n\t\t\t\t\t\t\t\t\t\t\t\t\t\t\t\t\t\t\t\t\t<div class=\"gllr_image_block\">\n\t\t\t\t\t\t\t\t\t\t\t\t<p style=\"\n\t\t\t\t\t\t\t\t\t\t\t\twidth:180px;height:140px;\t\t\t\t\t\t\t\t\t\t\t\t\">\n\t\t\t\t\t\t\t\t\t\t\t\t\t\t\t\t\t\t\t\t\t\t\t\t\t\t\t\t<a data-fancybox=\"gallery_fancybox_536\" href=\"http:\/\/www.bavarian-pathfinders.de\/wp-content\/uploads\/2012\/11\/IMG_6676-1024x768.jpg\" title=\"\" >\n\t\t\t\t\t\t\t\t\t\t\t\t\t\t\t\t<img decoding=\"async\" width=&quot;160&quot; height=&quot;120&quot; style=\"width:160px; height:120px; border-width: 10px; border-color:#f1f1f1;border: 10px solid #f1f1f1\" alt=\"\" title=\"\" src=\"http:\/\/www.bavarian-pathfinders.de\/wp-content\/uploads\/2012\/11\/IMG_6676-160x120.jpg\" rel=\"http:\/\/www.bavarian-pathfinders.de\/wp-content\/uploads\/2012\/11\/IMG_6676.JPG\" \/>\t\t\t\t\t\t\t\t\t\t\t\t\t\t\t<\/a>\n\t\t\t\t\t\t\t\t\t\t\t\t\t\t\t\t\t\t\t\t\t\t\t\t\t\t<\/p>\n\t\t\t\t\t\t\t\t\t\t\t\t\t\t\t\t\t\t\t\t\t\t\t\t\t<div \n\t\t\t\t\t\t\t\t\t\t\t\t\tstyle=\"width:180px;\"\t\t\t\t\t\t\t\t\t\t\t\t\tclass=\"gllr_single_image_text gllr_single_image_text_under\">&nbsp;<\/div>\n\t\t\t\t\t\t\t\t\t\t\t\t\t\t\t\t\t\t\t\t\t\t\t<\/div><!-- .gllr_image_block -->\n\t\t\t\t\t\t\t\t\t\t\t\t\t\t\t\t\t\t\t\t\t<\/div><!-- .gllr_image_row -->\n\t\t\t\t\t\t\t\t\t\t\t\t\t\t\t\t\t\t\t\t\t\t<div class=\"gllr_image_row\">\n\t\t\t\t\t\t\t\t\t\t\t\t\t\t\t\t\t\t\t\t\t<div class=\"gllr_image_block\">\n\t\t\t\t\t\t\t\t\t\t\t\t<p style=\"\n\t\t\t\t\t\t\t\t\t\t\t\twidth:180px;height:140px;\t\t\t\t\t\t\t\t\t\t\t\t\">\n\t\t\t\t\t\t\t\t\t\t\t\t\t\t\t\t\t\t\t\t\t\t\t\t\t\t\t\t<a data-fancybox=\"gallery_fancybox_536\" href=\"http:\/\/www.bavarian-pathfinders.de\/wp-content\/uploads\/2012\/11\/IMG_6679509fcda88fb5a-768x1024.jpg\" title=\"\" >\n\t\t\t\t\t\t\t\t\t\t\t\t\t\t\t\t<img decoding=\"async\" width=&quot;160&quot; height=&quot;120&quot; style=\"width:160px; height:120px; border-width: 10px; border-color:#f1f1f1;border: 10px solid #f1f1f1\" alt=\"\" title=\"\" src=\"http:\/\/www.bavarian-pathfinders.de\/wp-content\/uploads\/2012\/11\/IMG_6679509fcda88fb5a-160x120.jpg\" rel=\"http:\/\/www.bavarian-pathfinders.de\/wp-content\/uploads\/2012\/11\/IMG_6679509fcda88fb5a.JPG\" \/>\t\t\t\t\t\t\t\t\t\t\t\t\t\t\t<\/a>\n\t\t\t\t\t\t\t\t\t\t\t\t\t\t\t\t\t\t\t\t\t\t\t\t\t\t<\/p>\n\t\t\t\t\t\t\t\t\t\t\t\t\t\t\t\t\t\t\t\t\t\t\t\t\t<div \n\t\t\t\t\t\t\t\t\t\t\t\t\tstyle=\"width:180px;\"\t\t\t\t\t\t\t\t\t\t\t\t\tclass=\"gllr_single_image_text gllr_single_image_text_under\">&nbsp;<\/div>\n\t\t\t\t\t\t\t\t\t\t\t\t\t\t\t\t\t\t\t\t\t\t\t<\/div><!-- .gllr_image_block -->\n\t\t\t\t\t\t\t\t\t\t\t\t\t\t\t\t\t\t\t\t\t<div class=\"clear\"><\/div>\n\t\t\t\t\t\t\t\t\t\t<\/div><!-- .gllr_image_row -->\n\t\t\t\t\t\t\t\t\t\t\t\t\t\t\t\t\t<\/div><!-- .gallery.clearfix -->\n\t\t\t\t\t\t\t\t\t\t\t\t\t\t<\/div><!-- .gallery_box_single -->\n\t\t\t\t\t\t<div class=\"gllr_clear\"><\/div>\n\t\t\t\t\t\t\n\t\t\t\t\t\t<div class=\"gallery_box_single\">\n\t\t\t\t\t\t\t<h3>Nach dem Kauf<\/h3>\r\nDie ersten Fotos von \"Alfred\", entstanden unmittelbar beim Aufladen, und kurz nachdem er bei uns angekommen ist.\t\t\t\t\t\t\t\t<div class=\"gallery gllr_grid\" data-gllr-columns=\"3\" data-gllr-border-width=\"10\">\n\t\t\t\t\t\t\t\t\t\t\t\t\t\t\t\t\t\t\t\t<div class=\"gllr_image_row\">\n\t\t\t\t\t\t\t\t\t\t\t\t\t\t\t\t\t\t\t\t\t<div class=\"gllr_image_block\">\n\t\t\t\t\t\t\t\t\t\t\t\t<p style=\"\n\t\t\t\t\t\t\t\t\t\t\t\twidth:180px;height:140px;\t\t\t\t\t\t\t\t\t\t\t\t\">\n\t\t\t\t\t\t\t\t\t\t\t\t\t\t\t\t\t\t\t\t\t\t\t\t\t\t\t\t<a data-fancybox=\"gallery_fancybox_333\" href=\"http:\/\/www.bavarian-pathfinders.de\/wp-content\/uploads\/2012\/09\/IMG_6612-1024x768.jpg\" title=\"\" >\n\t\t\t\t\t\t\t\t\t\t\t\t\t\t\t\t<img decoding=\"async\" width=&quot;160&quot; height=&quot;120&quot; style=\"width:160px; height:120px; border-width: 10px; border-color:#f1f1f1;border: 10px solid #f1f1f1\" alt=\"\" title=\"\" src=\"http:\/\/www.bavarian-pathfinders.de\/wp-content\/uploads\/2012\/09\/IMG_6612-160x120.jpg\" rel=\"http:\/\/www.bavarian-pathfinders.de\/wp-content\/uploads\/2012\/09\/IMG_6612.JPG\" \/>\t\t\t\t\t\t\t\t\t\t\t\t\t\t\t<\/a>\n\t\t\t\t\t\t\t\t\t\t\t\t\t\t\t\t\t\t\t\t\t\t\t\t\t\t<\/p>\n\t\t\t\t\t\t\t\t\t\t\t\t\t\t\t\t\t\t\t\t\t\t\t\t\t<div \n\t\t\t\t\t\t\t\t\t\t\t\t\tstyle=\"width:180px;\"\t\t\t\t\t\t\t\t\t\t\t\t\tclass=\"gllr_single_image_text gllr_single_image_text_under\">&nbsp;<\/div>\n\t\t\t\t\t\t\t\t\t\t\t\t\t\t\t\t\t\t\t\t\t\t\t<\/div><!-- .gllr_image_block -->\n\t\t\t\t\t\t\t\t\t\t\t\t\t\t\t\t\t\t\t\t\t<div class=\"gllr_image_block\">\n\t\t\t\t\t\t\t\t\t\t\t\t<p style=\"\n\t\t\t\t\t\t\t\t\t\t\t\twidth:180px;height:140px;\t\t\t\t\t\t\t\t\t\t\t\t\">\n\t\t\t\t\t\t\t\t\t\t\t\t\t\t\t\t\t\t\t\t\t\t\t\t\t\t\t\t<a data-fancybox=\"gallery_fancybox_333\" href=\"http:\/\/www.bavarian-pathfinders.de\/wp-content\/uploads\/2012\/09\/IMG_6608-1024x768.jpg\" title=\"\" >\n\t\t\t\t\t\t\t\t\t\t\t\t\t\t\t\t<img decoding=\"async\" width=&quot;160&quot; height=&quot;120&quot; style=\"width:160px; height:120px; border-width: 10px; border-color:#f1f1f1;border: 10px solid #f1f1f1\" alt=\"\" title=\"\" src=\"http:\/\/www.bavarian-pathfinders.de\/wp-content\/uploads\/2012\/09\/IMG_6608-160x120.jpg\" rel=\"http:\/\/www.bavarian-pathfinders.de\/wp-content\/uploads\/2012\/09\/IMG_6608.JPG\" \/>\t\t\t\t\t\t\t\t\t\t\t\t\t\t\t<\/a>\n\t\t\t\t\t\t\t\t\t\t\t\t\t\t\t\t\t\t\t\t\t\t\t\t\t\t<\/p>\n\t\t\t\t\t\t\t\t\t\t\t\t\t\t\t\t\t\t\t\t\t\t\t\t\t<div \n\t\t\t\t\t\t\t\t\t\t\t\t\tstyle=\"width:180px;\"\t\t\t\t\t\t\t\t\t\t\t\t\tclass=\"gllr_single_image_text gllr_single_image_text_under\">&nbsp;<\/div>\n\t\t\t\t\t\t\t\t\t\t\t\t\t\t\t\t\t\t\t\t\t\t\t<\/div><!-- .gllr_image_block -->\n\t\t\t\t\t\t\t\t\t\t\t\t\t\t\t\t\t\t\t\t\t<div class=\"gllr_image_block\">\n\t\t\t\t\t\t\t\t\t\t\t\t<p style=\"\n\t\t\t\t\t\t\t\t\t\t\t\twidth:180px;height:140px;\t\t\t\t\t\t\t\t\t\t\t\t\">\n\t\t\t\t\t\t\t\t\t\t\t\t\t\t\t\t\t\t\t\t\t\t\t\t\t\t\t\t<a data-fancybox=\"gallery_fancybox_333\" href=\"http:\/\/www.bavarian-pathfinders.de\/wp-content\/uploads\/2012\/09\/IMG_6611-1024x768.jpg\" title=\"\" >\n\t\t\t\t\t\t\t\t\t\t\t\t\t\t\t\t<img decoding=\"async\" width=&quot;160&quot; height=&quot;120&quot; style=\"width:160px; height:120px; border-width: 10px; border-color:#f1f1f1;border: 10px solid #f1f1f1\" alt=\"\" title=\"\" src=\"http:\/\/www.bavarian-pathfinders.de\/wp-content\/uploads\/2012\/09\/IMG_6611-160x120.jpg\" rel=\"http:\/\/www.bavarian-pathfinders.de\/wp-content\/uploads\/2012\/09\/IMG_6611.JPG\" \/>\t\t\t\t\t\t\t\t\t\t\t\t\t\t\t<\/a>\n\t\t\t\t\t\t\t\t\t\t\t\t\t\t\t\t\t\t\t\t\t\t\t\t\t\t<\/p>\n\t\t\t\t\t\t\t\t\t\t\t\t\t\t\t\t\t\t\t\t\t\t\t\t\t<div \n\t\t\t\t\t\t\t\t\t\t\t\t\tstyle=\"width:180px;\"\t\t\t\t\t\t\t\t\t\t\t\t\tclass=\"gllr_single_image_text gllr_single_image_text_under\">&nbsp;<\/div>\n\t\t\t\t\t\t\t\t\t\t\t\t\t\t\t\t\t\t\t\t\t\t\t<\/div><!-- .gllr_image_block -->\n\t\t\t\t\t\t\t\t\t\t\t\t\t\t\t\t\t\t\t\t\t<\/div><!-- .gllr_image_row -->\n\t\t\t\t\t\t\t\t\t\t\t\t\t\t\t\t\t\t\t\t\t\t<div class=\"gllr_image_row\">\n\t\t\t\t\t\t\t\t\t\t\t\t\t\t\t\t\t\t\t\t\t<div class=\"gllr_image_block\">\n\t\t\t\t\t\t\t\t\t\t\t\t<p style=\"\n\t\t\t\t\t\t\t\t\t\t\t\twidth:180px;height:140px;\t\t\t\t\t\t\t\t\t\t\t\t\">\n\t\t\t\t\t\t\t\t\t\t\t\t\t\t\t\t\t\t\t\t\t\t\t\t\t\t\t\t<a data-fancybox=\"gallery_fancybox_333\" href=\"http:\/\/www.bavarian-pathfinders.de\/wp-content\/uploads\/2012\/09\/DSC_0134-1024x576.jpg\" title=\"\" >\n\t\t\t\t\t\t\t\t\t\t\t\t\t\t\t\t<img decoding=\"async\" width=&quot;160&quot; height=&quot;120&quot; style=\"width:160px; height:120px; border-width: 10px; border-color:#f1f1f1;border: 10px solid #f1f1f1\" alt=\"\" title=\"\" src=\"http:\/\/www.bavarian-pathfinders.de\/wp-content\/uploads\/2012\/09\/DSC_0134-160x120.jpg\" rel=\"http:\/\/www.bavarian-pathfinders.de\/wp-content\/uploads\/2012\/09\/DSC_0134.jpg\" \/>\t\t\t\t\t\t\t\t\t\t\t\t\t\t\t<\/a>\n\t\t\t\t\t\t\t\t\t\t\t\t\t\t\t\t\t\t\t\t\t\t\t\t\t\t<\/p>\n\t\t\t\t\t\t\t\t\t\t\t\t\t\t\t\t\t\t\t\t\t\t\t\t\t<div \n\t\t\t\t\t\t\t\t\t\t\t\t\tstyle=\"width:180px;\"\t\t\t\t\t\t\t\t\t\t\t\t\tclass=\"gllr_single_image_text gllr_single_image_text_under\">&nbsp;<\/div>\n\t\t\t\t\t\t\t\t\t\t\t\t\t\t\t\t\t\t\t\t\t\t\t<\/div><!-- .gllr_image_block -->\n\t\t\t\t\t\t\t\t\t\t\t\t\t\t\t\t\t\t\t\t\t<div class=\"clear\"><\/div>\n\t\t\t\t\t\t\t\t\t\t<\/div><!-- .gllr_image_row -->\n\t\t\t\t\t\t\t\t\t\t\t\t\t\t\t\t\t<\/div><!-- .gallery.clearfix -->\n\t\t\t\t\t\t\t\t\t\t\t\t\t\t<\/div><!-- .gallery_box_single -->\n\t\t\t\t\t\t<div class=\"gllr_clear\"><\/div>\n\t\t\t\t\t\t\n","protected":false},"excerpt":{"rendered":"<p>Mit &#8222;Alfred&#8220; haben wir unser zweites Team-Fahrzeug gefunden. Frei getauft nach dem im Brief eingetragenen Vater des Vorbesitzers handelt es sich auch bei &#8222;Alfred&#8220; um einen BMW 520i Touring Modell E34. Hier einmal kurz die Eckdaten: BMW 520i Touring Schaltgetriebe Original-Farbe: gr\u00fcn 295.000 km T\u00dcV\/AU 05\/2013 Gefunden haben wir &#8222;Alfred&#8220; \u00fcbrigens \u00fcber Mobile.de. Die Verk\u00e4ufer<a class=\"read-more \" href=\"http:\/\/www.bavarian-pathfinders.de\/?gallery=alfred-bmw-520i-touring-e34-nach-dem-kauf\" title=\"Read More\"> <span class=\"button default\">Read More<\/span><\/a><\/p>\n","protected":false},"author":1,"featured_media":317,"parent":106,"menu_order":0,"comment_status":"open","ping_status":"open","template":"","meta":{"jetpack_post_was_ever_published":false,"footnotes":""},"jetpack_sharing_enabled":true,"jetpack_shortlink":"https:\/\/wp.me\/P33xOy-5d","_links":{"self":[{"href":"http:\/\/www.bavarian-pathfinders.de\/index.php?rest_route=\/wp\/v2\/pages\/323"}],"collection":[{"href":"http:\/\/www.bavarian-pathfinders.de\/index.php?rest_route=\/wp\/v2\/pages"}],"about":[{"href":"http:\/\/www.bavarian-pathfinders.de\/index.php?rest_route=\/wp\/v2\/types\/page"}],"author":[{"embeddable":true,"href":"http:\/\/www.bavarian-pathfinders.de\/index.php?rest_route=\/wp\/v2\/users\/1"}],"replies":[{"embeddable":true,"href":"http:\/\/www.bavarian-pathfinders.de\/index.php?rest_route=%2Fwp%2Fv2%2Fcomments&post=323"}],"version-history":[{"count":13,"href":"http:\/\/www.bavarian-pathfinders.de\/index.php?rest_route=\/wp\/v2\/pages\/323\/revisions"}],"predecessor-version":[{"id":465,"href":"http:\/\/www.bavarian-pathfinders.de\/index.php?rest_route=\/wp\/v2\/pages\/323\/revisions\/465"}],"up":[{"embeddable":true,"href":"http:\/\/www.bavarian-pathfinders.de\/index.php?rest_route=\/wp\/v2\/pages\/106"}],"wp:featuredmedia":[{"embeddable":true,"href":"http:\/\/www.bavarian-pathfinders.de\/index.php?rest_route=\/wp\/v2\/media\/317"}],"wp:attachment":[{"href":"http:\/\/www.bavarian-pathfinders.de\/index.php?rest_route=%2Fwp%2Fv2%2Fmedia&parent=323"}],"curies":[{"name":"wp","href":"https:\/\/api.w.org\/{rel}","templated":true}]}}