{"id":217,"date":"2012-07-24T10:19:53","date_gmt":"2012-07-24T08:19:53","guid":{"rendered":"http:\/\/www.bavarian-pathfinders.de\/?page_id=217"},"modified":"2016-02-06T16:04:29","modified_gmt":"2016-02-06T14:04:29","slug":"idee-spielregeln","status":"publish","type":"page","link":"http:\/\/www.bavarian-pathfinders.de\/?page_id=217","title":{"rendered":"Idee &#038; Spielregeln"},"content":{"rendered":"<h3>Worum geht es:<\/h3>\n<p><strong>Um den guten Zweck!<\/strong> Die Rallye verfolgt die Grundidee humanit\u00e4re Hilfe durch Sachspenden (z.B. die Autos) nach Jordanien zu bringen oder auf dem Weg dorthin durch diverse Sonderpr\u00fcfungen zu bestehen und dabei auch weitere Sach- oder Geldspenden an soziale und humanit\u00e4re Einrichtungen zu \u00fcbergeben.<\/p>\n<p>Den Teilnehmern ist aber auch Abenteuer, Spa\u00df und die V\u00f6lkerverst\u00e4ndigung wichtig. Ziel dieses sicherlich einzigartigen Unternehmens ist es mit dem Team &#8222;anzukommen&#8220; und nebenher auch als Hauptpreis ein Kamel zu gewinnen, welches dann wieder vor Ort einem bed\u00fcrftigen Bauern gespendet wird.<\/p>\n<p>Hier die einfachen aber harten Spielregeln der Allg\u00e4u-Orient-Rallye. Die Rallye ist sicherlich nichts f\u00fcr Weicheier und Leute, die Pauschaltourismus mit \u201ealles ist geregelt\u201c suchen:<\/p>\n<ul>\n<li>Nur Autos die mindestens 20 Jahre alt sind oder Fahrzeuge, die definitiv nicht mehr als 1111,11 Euro wert sind, werden zu der Rallye zugelassen.<\/li>\n<li>Auch Motorr\u00e4der d\u00fcrfen mit und auch sie m\u00fcssen 20 Jahre alt sein. J\u00fcngere Motorr\u00e4der d\u00fcrfen nur 1,11 Euro pro ccm Hubraum wert sein.<\/li>\n<li>Ein Rallyeteam besteht aus 6 Personen und 3 Autos. (oder kombinierte Teams mit Motorr\u00e4dern oder reine Motorradteams (immer nur ein Fahrer\/eine Fahrerin pro Motorrad. Immer 6 Personen, pro Auto 2 Personen) !)<\/li>\n<li>Aus Sicherheitsgr\u00fcnden werden KEINE 4-er Teams mehr zugelassen<\/li>\n<li>Nicht unbedingt alle Fahrzeuge m\u00fcssen am Zielort ankommen. Wichtig ist aber, dass das gesamte Team gemeinsam mit mindestens einem der gestarteten Fahrzeuge ankommt und \u00fcber die Ziellinie f\u00e4hrt! Das Ben\u00fctzen von Autobahnen ist verboten &#8211; die ganze Strecke darf also nur auf Nebenstra\u00dfen gefahren werden<\/li>\n<li>Das Benutzen F\u00e4hren ist, bis ggf. auf im Roadbook aufgef\u00fchrte Ausnahmen, untersagt. Nur die Bosporusf\u00e4hre ist Pflicht.<\/li>\n<li>Der Einsatz von Navigationssystemen zur Streckenfindung ist verboten (EHRENSACHE!!!)<\/li>\n<li>\u00dcbernachtet werden darf nur im Auto, im Freien, im Zelt oder in Hotels, die nicht mehr als 11,11 Euro die Nacht kosten.<\/li>\n<li>Die Rallye soll kein Rennen sein, sondern eine Veranstaltung nach den Regeln der Stra\u00dfenverkehrsordnunge der jeweiligen L\u00e4nder (Ausnahme Sonderpr\u00fcfungen). Der Spa\u00df und die V\u00f6lkerverst\u00e4ndigung, sowie die\u00a0 humanit\u00e4ren Zwecke stehen im Vordergrund.<\/li>\n<li>Die Fahrzeuge bleiben f\u00fcr einen guten Zweck im Zielland<\/li>\n<li>Kosten wie R\u00fcckflug, Benzin, Verpflegung etc. tragen die Teams selbst.<\/li>\n<li>Jedes Team kann sich in Abstimmung mit dem OK selbst vermarkten und Sponsoren suchen (Allerdings nach Regeln des Veranstalters).<\/li>\n<li>Jeder Teilnehmer f\u00e4hrt auf eigene Verantwortung und eigenes Risiko.<\/li>\n<li>Der Veranstalter haftet in keinem Fall.<\/li>\n<li>Das Startgeld betr\u00e4gt 222,22 Euro pro Teilnehmer. Dieses Startgeld ist mit der Anmeldung zu bezahlen.<\/li>\n<li>R\u00fcckflugverpflichtung: Die Teilnehmer verpflichten sich bei der Anmeldung, mit gecharterten Sondermaschinen und Linienmaschinen von Azerbaijan \u00fcber Jordanien nach Deutschland zur\u00fcckzufliegen und die Kosten zu tragen (Maximal 800 Euro nach jetzigen Angeboten)<\/li>\n<li>Die Teilnehmer verpflichten sich weiterhin eventuell notwendige Visa selbst zu organisieren und zu bezahlen.<\/li>\n<li>Die Streckenwahl liegt bei jedem Team selbst. Grunds\u00e4tzlich gilt freie Streckenwahl.<\/li>\n<\/ul>\n<p>Die Allg\u00e4u-Orient-Rallye ist \u00fcbrigens, an Teilnehmerzahl und Streckenl\u00e4nge gemessen, die gr\u00f6\u00dfte Rallye der Welt!<br \/>\nQuelle: <a href=\"http:\/\/www.allgaeu-orient.de\">http:\/\/www.allgaeu-orient.de<\/a><\/p>\n","protected":false},"excerpt":{"rendered":"<p>Worum geht es: Um den guten Zweck! Die Rallye verfolgt die Grundidee humanit\u00e4re Hilfe durch Sachspenden (z.B. die Autos) nach Jordanien zu bringen oder auf dem Weg dorthin durch diverse Sonderpr\u00fcfungen zu bestehen und dabei auch weitere Sach- oder Geldspenden an soziale und humanit\u00e4re Einrichtungen zu \u00fcbergeben. Den Teilnehmern ist aber auch Abenteuer, Spa\u00df und<a class=\"read-more \" href=\"http:\/\/www.bavarian-pathfinders.de\/?page_id=217\" title=\"Read More\"> <span class=\"button default\">Read More<\/span><\/a><\/p>\n","protected":false},"author":2,"featured_media":0,"parent":1194,"menu_order":0,"comment_status":"closed","ping_status":"closed","template":"","meta":{"jetpack_post_was_ever_published":false,"footnotes":""},"jetpack_sharing_enabled":true,"jetpack_shortlink":"https:\/\/wp.me\/P33xOy-3v","_links":{"self":[{"href":"http:\/\/www.bavarian-pathfinders.de\/index.php?rest_route=\/wp\/v2\/pages\/217"}],"collection":[{"href":"http:\/\/www.bavarian-pathfinders.de\/index.php?rest_route=\/wp\/v2\/pages"}],"about":[{"href":"http:\/\/www.bavarian-pathfinders.de\/index.php?rest_route=\/wp\/v2\/types\/page"}],"author":[{"embeddable":true,"href":"http:\/\/www.bavarian-pathfinders.de\/index.php?rest_route=\/wp\/v2\/users\/2"}],"replies":[{"embeddable":true,"href":"http:\/\/www.bavarian-pathfinders.de\/index.php?rest_route=%2Fwp%2Fv2%2Fcomments&post=217"}],"version-history":[{"count":10,"href":"http:\/\/www.bavarian-pathfinders.de\/index.php?rest_route=\/wp\/v2\/pages\/217\/revisions"}],"predecessor-version":[{"id":1197,"href":"http:\/\/www.bavarian-pathfinders.de\/index.php?rest_route=\/wp\/v2\/pages\/217\/revisions\/1197"}],"up":[{"embeddable":true,"href":"http:\/\/www.bavarian-pathfinders.de\/index.php?rest_route=\/wp\/v2\/pages\/1194"}],"wp:attachment":[{"href":"http:\/\/www.bavarian-pathfinders.de\/index.php?rest_route=%2Fwp%2Fv2%2Fmedia&parent=217"}],"curies":[{"name":"wp","href":"https:\/\/api.w.org\/{rel}","templated":true}]}}