{"id":17,"date":"2012-07-11T18:49:53","date_gmt":"2012-07-11T16:49:53","guid":{"rendered":"http:\/\/bavarian-pf.hoschi.org\/?page_id=17"},"modified":"2016-02-06T15:53:26","modified_gmt":"2016-02-06T13:53:26","slug":"qupe","status":"publish","type":"page","link":"http:\/\/www.bavarian-pathfinders.de\/?page_id=17","title":{"rendered":"QuPe"},"content":{"rendered":"<p><strong><img loading=\"lazy\" decoding=\"async\" class=\"alignright size-medium wp-image-864\" src=\"http:\/\/www.bavarian-pathfinders.de\/wp-content\/uploads\/2013\/04\/QuPe-199x300.jpg\" alt=\"QuPe.jpg\" width=\"199\" height=\"300\" srcset=\"http:\/\/www.bavarian-pathfinders.de\/wp-content\/uploads\/2013\/04\/QuPe-199x300.jpg 199w, http:\/\/www.bavarian-pathfinders.de\/wp-content\/uploads\/2013\/04\/QuPe-99x150.jpg 99w, http:\/\/www.bavarian-pathfinders.de\/wp-content\/uploads\/2013\/04\/QuPe.jpg 533w\" sizes=\"(max-width: 199px) 100vw, 199px\" \/>Teamchef:<\/strong> Quecke Peter, genannt <strong>QuPe <\/strong>[<em>Coupe<\/em>]\n<p>Wenn er nicht mit seinen Faschingsfreunden unterwegs ist, findet man ihn wahrscheinlich im Motorradkeller oder bei der Feuerwehr. Seine Frau und die 3 Kinder sehen ihn irgendwo dazwischen! Wei\u00df als langj\u00e4hriger Autocrossfahrer und gelernter Schrauber wo der Hammer h\u00e4ngt!<\/p>\n<p><strong><em>Der Schuldige!<\/em><\/strong><\/p>\n<p><strong>Rallye-Fahrzeug:\u00a0<\/strong><a title=\"\u201cAlfred\u201d \u2013 BMW 520i \u2013 Der Scout\" href=\"http:\/\/www.bavarian-pathfinders.de\/?page_id=323\">Alfred &#8211; Der Scout<\/a><br \/>\n<strong>Fahrerkollege:<\/strong> <a title=\"Slash\" href=\"http:\/\/www.bavarian-pathfinders.de\/?page_id=22\">J\u00fcrgen &#8222;Slash&#8220; Hirschbeck<\/a><\/p>\n","protected":false},"excerpt":{"rendered":"<p>Teamchef: Quecke Peter, genannt QuPe [Coupe] Wenn er nicht mit seinen Faschingsfreunden unterwegs ist, findet man ihn wahrscheinlich im Motorradkeller oder bei der Feuerwehr. Seine Frau und die 3 Kinder sehen ihn irgendwo dazwischen! Wei\u00df als langj\u00e4hriger Autocrossfahrer und gelernter Schrauber wo der Hammer h\u00e4ngt! Der Schuldige! Rallye-Fahrzeug:\u00a0Alfred &#8211; Der Scout Fahrerkollege: J\u00fcrgen &#8222;Slash&#8220; Hirschbeck<a class=\"read-more \" href=\"http:\/\/www.bavarian-pathfinders.de\/?page_id=17\" title=\"Read More\"> <span class=\"button default\">Read More<\/span><\/a><\/p>\n","protected":false},"author":1,"featured_media":0,"parent":14,"menu_order":0,"comment_status":"closed","ping_status":"closed","template":"","meta":{"jetpack_post_was_ever_published":false,"footnotes":""},"jetpack_sharing_enabled":true,"jetpack_shortlink":"https:\/\/wp.me\/P33xOy-h","_links":{"self":[{"href":"http:\/\/www.bavarian-pathfinders.de\/index.php?rest_route=\/wp\/v2\/pages\/17"}],"collection":[{"href":"http:\/\/www.bavarian-pathfinders.de\/index.php?rest_route=\/wp\/v2\/pages"}],"about":[{"href":"http:\/\/www.bavarian-pathfinders.de\/index.php?rest_route=\/wp\/v2\/types\/page"}],"author":[{"embeddable":true,"href":"http:\/\/www.bavarian-pathfinders.de\/index.php?rest_route=\/wp\/v2\/users\/1"}],"replies":[{"embeddable":true,"href":"http:\/\/www.bavarian-pathfinders.de\/index.php?rest_route=%2Fwp%2Fv2%2Fcomments&post=17"}],"version-history":[{"count":24,"href":"http:\/\/www.bavarian-pathfinders.de\/index.php?rest_route=\/wp\/v2\/pages\/17\/revisions"}],"predecessor-version":[{"id":1188,"href":"http:\/\/www.bavarian-pathfinders.de\/index.php?rest_route=\/wp\/v2\/pages\/17\/revisions\/1188"}],"up":[{"embeddable":true,"href":"http:\/\/www.bavarian-pathfinders.de\/index.php?rest_route=\/wp\/v2\/pages\/14"}],"wp:attachment":[{"href":"http:\/\/www.bavarian-pathfinders.de\/index.php?rest_route=%2Fwp%2Fv2%2Fmedia&parent=17"}],"curies":[{"name":"wp","href":"https:\/\/api.w.org\/{rel}","templated":true}]}}