{"id":1568,"date":"2017-08-03T18:49:25","date_gmt":"2017-08-03T16:49:25","guid":{"rendered":"http:\/\/www.bavarian-pathfinders.de\/?page_id=1568"},"modified":"2017-08-14T21:46:12","modified_gmt":"2017-08-14T19:46:12","slug":"the-european-5000-rallye-2017","status":"publish","type":"page","link":"http:\/\/www.bavarian-pathfinders.de\/?page_id=1568","title":{"rendered":"The European 5000 Rallye 2017"},"content":{"rendered":"<blockquote><p><em><strong>In 12 Tagen durch mindestens 10 L\u00e4nder des alten Kontinents. 5.000 km auf abgelegenen Pisten durch die vergessenen und abenteuerlichsten Regionen Europas abseits des Massentourismus. The European 5000 Roadtrip macht es Dir m\u00f6glich in kurzer Zeit ein wahres Abenteuer zu erleben.<\/strong><br \/>\n<\/em><em>(<a href=\"http:\/\/european.superlative-adventure.com\/\">Homepage der European 5000 Rallye<\/a>)<\/em><\/p><\/blockquote>\n<p>&nbsp;<\/p>\n<p>Dieses Mal hat&#8217;s nicht solange gedauert! Nach dem Baltic Sea Circle im vergangenen Jahr k\u00f6nnen wir es kaum erwarten, uns in den n\u00e4chsten Roadtrip zu st\u00fcrzen:<\/p>\n<p><strong>Die European 5000 Rallye 2017! <\/strong><\/p>\n<p>Da es sich hierbei um den selben Veranstalter handelt, sind auch die Regeln sehr \u00e4hnlich. Es ist wieder mal keine Einwegstrecke, wobei es dieses Mal von M\u00fcnchen nach Amsterdam geht&#8230; \u00fcber Barcelona! Die Autos kommen dennoch im Anschluss wieder mit uns nach Hause.<\/p>\n<h3>Das Reglement:<\/h3>\n<table style=\"height: 151px;\" width=\"550\">\n<tbody>\n<tr>\n<td><strong>Start:<\/strong><\/td>\n<td>09. September 2017, M\u00fcnchen<\/td>\n<\/tr>\n<tr>\n<td><strong>Ziellinie:<\/strong><\/td>\n<td>21. September 2017, Amsterdam<\/td>\n<\/tr>\n<tr>\n<td><strong>Team:<\/strong><\/td>\n<td>Ein Team besteht aus einem Auto, beliebig viele Insassen<\/td>\n<\/tr>\n<tr>\n<td><strong>Charity:<\/strong><\/td>\n<td>500,- \u20ac \/ Team<\/td>\n<\/tr>\n<tr>\n<td><strong>Autos:<\/strong><\/td>\n<td>Mindestens 20 Jahre alt (BJ 12\/1997)<\/td>\n<\/tr>\n<\/tbody>\n<\/table>\n<p>Nach wie vor haben wir uns ausschlie\u00dflich an Rallyes mit wohlt\u00e4tigem Hintergrund verschrieben. Da die Autos hier nicht gespendet werden, sieht das Reglement vor, pro Team eine Gesamtsumme von 500,- \u20ac an Spenden zu sammeln.<\/p>\n<p>Mit unserem Start werden wir dieses Jahr \u201eDie Arche e. V.\u201c mit einer festgeschriebenen Spendensumme von 500,- Euro unterst\u00fctzen.<\/p>\n<p>Wer uns kennt, wei\u00df, Autobahnen finden wir langweilig, und mit Navi&#8217;s k\u00f6nnen wir uns auch nicht anfreunden, au\u00dferdem ist der Weg das Ziel, und damit w\u00e4re der direkte Weg nach Amsterdam doch schlicht und einfach langweilig. Deswegen nehmen wir einen kleinen aber feinen Umweg und suchen uns auf \u00fcber 5000 km die sch\u00f6nsten Strecken von Deutschland \u00fcber \u00d6sterreich, Schweiz, Italien, Frankreich, Monaco, Andorra, Spanien, Belgien und die Niederlande. Mit dabei unsere BSC erprobten 20 Jahre alten BMW E34! Gestartet wird in unserer bayrischen Hauptstadt M\u00fcnchen, und das Ziel ist wie beschrieben in Amsterdam am 21. September zu erreichen.<\/p>\n<p>Nochmals die wichtigsten beiden Punkte, die wie bei allen Abenteuer-Rallyes gelten:<\/p>\n<ul>\n<li>Kein GPS\/Navigationsger\u00e4t<\/li>\n<li>Keine Autobahnen<\/li>\n<\/ul>\n<p>Wieder einmal geht es mit den guten alten Landkarten\u00a0\u00fcber Stock und Stein, zu den h\u00f6chsten Gebirgsp\u00e4ssen und sch\u00f6nsten Str\u00e4nden Europas.<\/p>\n<p>Prominente Wegpunkte sind unter anderem die Alpen in mehrere L\u00e4ndern, die C\u00f4te d&#8217;Azur, Monte Carlo, die Provence, Barcelona, die spanische W\u00fcste, die Pyren\u00e4en, die Atlantik-K\u00fcste und schlie\u00dflich Amsterdam.<\/p>\n","protected":false},"excerpt":{"rendered":"<p>In 12 Tagen durch mindestens 10 L\u00e4nder des alten Kontinents. 5.000 km auf abgelegenen Pisten durch die vergessenen und abenteuerlichsten Regionen Europas abseits des Massentourismus. The European 5000 Roadtrip macht es Dir m\u00f6glich in kurzer Zeit ein wahres Abenteuer zu erleben. (Homepage der European 5000 Rallye) &nbsp; Dieses Mal hat&#8217;s nicht solange gedauert! Nach dem<a class=\"read-more \" href=\"http:\/\/www.bavarian-pathfinders.de\/?page_id=1568\" title=\"Read More\"> <span class=\"button default\">Read More<\/span><\/a><\/p>\n","protected":false},"author":1,"featured_media":1570,"parent":0,"menu_order":0,"comment_status":"closed","ping_status":"closed","template":"","meta":{"jetpack_post_was_ever_published":false,"footnotes":""},"jetpack_sharing_enabled":true,"jetpack_shortlink":"https:\/\/wp.me\/P33xOy-pi","_links":{"self":[{"href":"http:\/\/www.bavarian-pathfinders.de\/index.php?rest_route=\/wp\/v2\/pages\/1568"}],"collection":[{"href":"http:\/\/www.bavarian-pathfinders.de\/index.php?rest_route=\/wp\/v2\/pages"}],"about":[{"href":"http:\/\/www.bavarian-pathfinders.de\/index.php?rest_route=\/wp\/v2\/types\/page"}],"author":[{"embeddable":true,"href":"http:\/\/www.bavarian-pathfinders.de\/index.php?rest_route=\/wp\/v2\/users\/1"}],"replies":[{"embeddable":true,"href":"http:\/\/www.bavarian-pathfinders.de\/index.php?rest_route=%2Fwp%2Fv2%2Fcomments&post=1568"}],"version-history":[{"count":3,"href":"http:\/\/www.bavarian-pathfinders.de\/index.php?rest_route=\/wp\/v2\/pages\/1568\/revisions"}],"predecessor-version":[{"id":1597,"href":"http:\/\/www.bavarian-pathfinders.de\/index.php?rest_route=\/wp\/v2\/pages\/1568\/revisions\/1597"}],"wp:featuredmedia":[{"embeddable":true,"href":"http:\/\/www.bavarian-pathfinders.de\/index.php?rest_route=\/wp\/v2\/media\/1570"}],"wp:attachment":[{"href":"http:\/\/www.bavarian-pathfinders.de\/index.php?rest_route=%2Fwp%2Fv2%2Fmedia&parent=1568"}],"curies":[{"name":"wp","href":"https:\/\/api.w.org\/{rel}","templated":true}]}}