{"id":1225,"date":"2016-02-08T14:36:29","date_gmt":"2016-02-08T12:36:29","guid":{"rendered":"http:\/\/www.bavarian-pathfinders.de\/?page_id=1225"},"modified":"2016-02-08T15:18:27","modified_gmt":"2016-02-08T13:18:27","slug":"andi","status":"publish","type":"page","link":"http:\/\/www.bavarian-pathfinders.de\/?page_id=1225","title":{"rendered":"Andi"},"content":{"rendered":"<p><img loading=\"lazy\" decoding=\"async\" class=\"alignright size-medium wp-image-861\" src=\"http:\/\/www.bavarian-pathfinders.de\/wp-content\/uploads\/2013\/04\/Andi-199x300.jpg\" alt=\"Andi.jpg\" width=\"199\" height=\"300\" srcset=\"http:\/\/www.bavarian-pathfinders.de\/wp-content\/uploads\/2013\/04\/Andi-199x300.jpg 199w, http:\/\/www.bavarian-pathfinders.de\/wp-content\/uploads\/2013\/04\/Andi-99x150.jpg 99w, http:\/\/www.bavarian-pathfinders.de\/wp-content\/uploads\/2013\/04\/Andi.jpg 533w\" sizes=\"(max-width: 199px) 100vw, 199px\" \/><strong>Die Hupe:<\/strong> Wanielik Andreas, genannt <strong>Andi<\/strong><\/p>\n<p>Wahrscheinlich der Ver\u00fcckteste im Team, &#8211; auf jeden Fall aber der lauteste! F\u00e4hrt alles, entweder man mag ihn, oder man erschie\u00dft ihn! K\u00f6nnte schwierig werden, soviel J\u00e4germeister auf der Strecke zu bekommen, um ihn ruhig zu stellen!<\/p>\n<p><strong><em>Allg\u00e4u-Orient-Rallye 2013 &#8211; Veteran:<br \/>\n&#8211; &#8222;WWWWOOOOAAAAHHHH!!!&#8220; &#8211; (133 dB)<\/em><\/strong><\/p>\n<p><strong>Rallye-Fahrzeug:\u00a0<\/strong><br \/>\n<strong>Fahrerkollege:<\/strong>\u00a0<a href=\"http:\/\/www.bavarian-pathfinders.de\/?page_id=1223\">Dirk &#8222;\u00c4pfel&#8220; Brenn<\/a><\/p>\n","protected":false},"excerpt":{"rendered":"<p>Die Hupe: Wanielik Andreas, genannt Andi Wahrscheinlich der Ver\u00fcckteste im Team, &#8211; auf jeden Fall aber der lauteste! F\u00e4hrt alles, entweder man mag ihn, oder man erschie\u00dft ihn! K\u00f6nnte schwierig werden, soviel J\u00e4germeister auf der Strecke zu bekommen, um ihn ruhig zu stellen! Allg\u00e4u-Orient-Rallye 2013 &#8211; Veteran: &#8211; &#8222;WWWWOOOOAAAAHHHH!!!&#8220; &#8211; (133 dB) Rallye-Fahrzeug:\u00a0 Fahrerkollege:\u00a0Dirk &#8222;\u00c4pfel&#8220;<a class=\"read-more \" href=\"http:\/\/www.bavarian-pathfinders.de\/?page_id=1225\" title=\"Read More\"> <span class=\"button default\">Read More<\/span><\/a><\/p>\n","protected":false},"author":1,"featured_media":0,"parent":1203,"menu_order":0,"comment_status":"closed","ping_status":"closed","template":"","meta":{"jetpack_post_was_ever_published":false,"footnotes":""},"jetpack_sharing_enabled":true,"jetpack_shortlink":"https:\/\/wp.me\/P33xOy-jL","_links":{"self":[{"href":"http:\/\/www.bavarian-pathfinders.de\/index.php?rest_route=\/wp\/v2\/pages\/1225"}],"collection":[{"href":"http:\/\/www.bavarian-pathfinders.de\/index.php?rest_route=\/wp\/v2\/pages"}],"about":[{"href":"http:\/\/www.bavarian-pathfinders.de\/index.php?rest_route=\/wp\/v2\/types\/page"}],"author":[{"embeddable":true,"href":"http:\/\/www.bavarian-pathfinders.de\/index.php?rest_route=\/wp\/v2\/users\/1"}],"replies":[{"embeddable":true,"href":"http:\/\/www.bavarian-pathfinders.de\/index.php?rest_route=%2Fwp%2Fv2%2Fcomments&post=1225"}],"version-history":[{"count":6,"href":"http:\/\/www.bavarian-pathfinders.de\/index.php?rest_route=\/wp\/v2\/pages\/1225\/revisions"}],"predecessor-version":[{"id":1242,"href":"http:\/\/www.bavarian-pathfinders.de\/index.php?rest_route=\/wp\/v2\/pages\/1225\/revisions\/1242"}],"up":[{"embeddable":true,"href":"http:\/\/www.bavarian-pathfinders.de\/index.php?rest_route=\/wp\/v2\/pages\/1203"}],"wp:attachment":[{"href":"http:\/\/www.bavarian-pathfinders.de\/index.php?rest_route=%2Fwp%2Fv2%2Fmedia&parent=1225"}],"curies":[{"name":"wp","href":"https:\/\/api.w.org\/{rel}","templated":true}]}}