{"id":1212,"date":"2016-02-08T14:26:23","date_gmt":"2016-02-08T12:26:23","guid":{"rendered":"http:\/\/www.bavarian-pathfinders.de\/?page_id=1212"},"modified":"2016-02-08T14:34:44","modified_gmt":"2016-02-08T12:34:44","slug":"qupe","status":"publish","type":"page","link":"http:\/\/www.bavarian-pathfinders.de\/?page_id=1212","title":{"rendered":"QuPe"},"content":{"rendered":"<p><strong><img loading=\"lazy\" decoding=\"async\" class=\"alignright size-medium wp-image-864\" src=\"http:\/\/www.bavarian-pathfinders.de\/wp-content\/uploads\/2013\/04\/QuPe-199x300.jpg\" alt=\"QuPe.jpg\" width=\"199\" height=\"300\" srcset=\"http:\/\/www.bavarian-pathfinders.de\/wp-content\/uploads\/2013\/04\/QuPe-199x300.jpg 199w, http:\/\/www.bavarian-pathfinders.de\/wp-content\/uploads\/2013\/04\/QuPe-99x150.jpg 99w, http:\/\/www.bavarian-pathfinders.de\/wp-content\/uploads\/2013\/04\/QuPe.jpg 533w\" sizes=\"(max-width: 199px) 100vw, 199px\" \/>Teamchef:<\/strong> Quecke Peter, genannt <strong>QuPe <\/strong>[<em>Coupe<\/em>]\n<p>Wenn er nicht mit seinen Faschingsfreunden unterwegs ist, findet man ihn wahrscheinlich im Motorradkeller oder bei der Feuerwehr. Seine Frau und die 3 Kinder sehen ihn irgendwo dazwischen! Wei\u00df als langj\u00e4hriger Autocrossfahrer und gelernter Schrauber wo der Hammer h\u00e4ngt!<\/p>\n<p><strong><em>Allg\u00e4u-Orient-Rallye 2013 &#8211; Veteran:<br \/>\n&#8211; &#8222;Das muss das Boot abk\u00f6nnen!&#8220; &#8211;\u00a0<\/em><\/strong><\/p>\n<p><strong>Rallye-Fahrzeug:\u00a0<\/strong><br \/>\n<strong>Fahrerkollege:<\/strong> <a href=\"http:\/\/www.bavarian-pathfinders.de\/?page_id=1202\">J\u00fcrgen &#8222;Slash&#8220; Hirschbeck<\/a><\/p>\n","protected":false},"excerpt":{"rendered":"<p>Teamchef: Quecke Peter, genannt QuPe [Coupe] Wenn er nicht mit seinen Faschingsfreunden unterwegs ist, findet man ihn wahrscheinlich im Motorradkeller oder bei der Feuerwehr. Seine Frau und die 3 Kinder sehen ihn irgendwo dazwischen! Wei\u00df als langj\u00e4hriger Autocrossfahrer und gelernter Schrauber wo der Hammer h\u00e4ngt! Allg\u00e4u-Orient-Rallye 2013 &#8211; Veteran: &#8211; &#8222;Das muss das Boot abk\u00f6nnen!&#8220;<a class=\"read-more \" href=\"http:\/\/www.bavarian-pathfinders.de\/?page_id=1212\" title=\"Read More\"> <span class=\"button default\">Read More<\/span><\/a><\/p>\n","protected":false},"author":1,"featured_media":0,"parent":1203,"menu_order":0,"comment_status":"closed","ping_status":"closed","template":"","meta":{"jetpack_post_was_ever_published":false,"footnotes":""},"jetpack_sharing_enabled":true,"jetpack_shortlink":"https:\/\/wp.me\/P33xOy-jy","_links":{"self":[{"href":"http:\/\/www.bavarian-pathfinders.de\/index.php?rest_route=\/wp\/v2\/pages\/1212"}],"collection":[{"href":"http:\/\/www.bavarian-pathfinders.de\/index.php?rest_route=\/wp\/v2\/pages"}],"about":[{"href":"http:\/\/www.bavarian-pathfinders.de\/index.php?rest_route=\/wp\/v2\/types\/page"}],"author":[{"embeddable":true,"href":"http:\/\/www.bavarian-pathfinders.de\/index.php?rest_route=\/wp\/v2\/users\/1"}],"replies":[{"embeddable":true,"href":"http:\/\/www.bavarian-pathfinders.de\/index.php?rest_route=%2Fwp%2Fv2%2Fcomments&post=1212"}],"version-history":[{"count":4,"href":"http:\/\/www.bavarian-pathfinders.de\/index.php?rest_route=\/wp\/v2\/pages\/1212\/revisions"}],"predecessor-version":[{"id":1220,"href":"http:\/\/www.bavarian-pathfinders.de\/index.php?rest_route=\/wp\/v2\/pages\/1212\/revisions\/1220"}],"up":[{"embeddable":true,"href":"http:\/\/www.bavarian-pathfinders.de\/index.php?rest_route=\/wp\/v2\/pages\/1203"}],"wp:attachment":[{"href":"http:\/\/www.bavarian-pathfinders.de\/index.php?rest_route=%2Fwp%2Fv2%2Fmedia&parent=1212"}],"curies":[{"name":"wp","href":"https:\/\/api.w.org\/{rel}","templated":true}]}}