{"id":1203,"date":"2016-02-08T14:04:44","date_gmt":"2016-02-08T12:04:44","guid":{"rendered":"http:\/\/www.bavarian-pathfinders.de\/?page_id=1203"},"modified":"2017-08-03T12:15:25","modified_gmt":"2017-08-03T10:15:25","slug":"das-team-2016","status":"publish","type":"page","link":"http:\/\/www.bavarian-pathfinders.de\/?page_id=1203","title":{"rendered":"Das Team 2016"},"content":{"rendered":"<p>Unser Team f\u00fcr den Baltic Sea Circle 2016 besteht erneut aus sechs positiv verr\u00fcckten Bayern, die sich in ein weiteres gro\u00dfes\u00a0automobiles\u00a0Abenteuer st\u00fcrzen wollen! Namentlich sind dieses Mal dabei:<\/p>\n<ul>\n<li><a href=\"http:\/\/www.bavarian-pathfinders.de\/?page_id=1212\">QuPe, der Teamchef<\/a><\/li>\n<li><a href=\"http:\/\/www.bavarian-pathfinders.de\/?page_id=1202\">Slash, der Navigator<\/a><\/li>\n<li><a href=\"http:\/\/www.bavarian-pathfinders.de\/?page_id=1221\">Pit, &#8222;Komb\u00fcse I&#8220;<\/a><\/li>\n<li><a href=\"http:\/\/www.bavarian-pathfinders.de\/?page_id=1236\">Birgit, &#8222;Komb\u00fcse II&#8220;<\/a><\/li>\n<li><a href=\"http:\/\/www.bavarian-pathfinders.de\/?page_id=1223\">\u00c4pfel, der\u00a0Schrauber<\/a><\/li>\n<li><a href=\"http:\/\/www.bavarian-pathfinders.de\/?page_id=1225\">Andi, die\u00a0Hupe<\/a><\/li>\n<\/ul>\n<p>&nbsp;<\/p>\n","protected":false},"excerpt":{"rendered":"<p>Unser Team f\u00fcr den Baltic Sea Circle 2016 besteht erneut aus sechs positiv verr\u00fcckten Bayern, die sich in ein weiteres gro\u00dfes\u00a0automobiles\u00a0Abenteuer st\u00fcrzen wollen! Namentlich sind dieses Mal dabei: QuPe, der Teamchef Slash, der Navigator Pit, &#8222;Komb\u00fcse I&#8220; Birgit, &#8222;Komb\u00fcse II&#8220; \u00c4pfel, der\u00a0Schrauber Andi, die\u00a0Hupe &nbsp;<a class=\"read-more \" href=\"http:\/\/www.bavarian-pathfinders.de\/?page_id=1203\" title=\"Read More\"> <span class=\"button default\">Read More<\/span><\/a><\/p>\n","protected":false},"author":1,"featured_media":0,"parent":1243,"menu_order":0,"comment_status":"closed","ping_status":"closed","template":"","meta":{"jetpack_post_was_ever_published":false,"footnotes":""},"jetpack_sharing_enabled":true,"jetpack_shortlink":"https:\/\/wp.me\/P33xOy-jp","_links":{"self":[{"href":"http:\/\/www.bavarian-pathfinders.de\/index.php?rest_route=\/wp\/v2\/pages\/1203"}],"collection":[{"href":"http:\/\/www.bavarian-pathfinders.de\/index.php?rest_route=\/wp\/v2\/pages"}],"about":[{"href":"http:\/\/www.bavarian-pathfinders.de\/index.php?rest_route=\/wp\/v2\/types\/page"}],"author":[{"embeddable":true,"href":"http:\/\/www.bavarian-pathfinders.de\/index.php?rest_route=\/wp\/v2\/users\/1"}],"replies":[{"embeddable":true,"href":"http:\/\/www.bavarian-pathfinders.de\/index.php?rest_route=%2Fwp%2Fv2%2Fcomments&post=1203"}],"version-history":[{"count":5,"href":"http:\/\/www.bavarian-pathfinders.de\/index.php?rest_route=\/wp\/v2\/pages\/1203\/revisions"}],"predecessor-version":[{"id":1274,"href":"http:\/\/www.bavarian-pathfinders.de\/index.php?rest_route=\/wp\/v2\/pages\/1203\/revisions\/1274"}],"up":[{"embeddable":true,"href":"http:\/\/www.bavarian-pathfinders.de\/index.php?rest_route=\/wp\/v2\/pages\/1243"}],"wp:attachment":[{"href":"http:\/\/www.bavarian-pathfinders.de\/index.php?rest_route=%2Fwp%2Fv2%2Fmedia&parent=1203"}],"curies":[{"name":"wp","href":"https:\/\/api.w.org\/{rel}","templated":true}]}}