{"id":106,"date":"2012-07-13T15:15:36","date_gmt":"2012-07-13T13:15:36","guid":{"rendered":"http:\/\/bavarian-pf.hoschi.org\/?page_id=106"},"modified":"2016-02-06T16:04:14","modified_gmt":"2016-02-06T14:04:14","slug":"die-autos","status":"publish","type":"page","link":"http:\/\/www.bavarian-pathfinders.de\/?page_id=106","title":{"rendered":"Die Autos"},"content":{"rendered":"<p>Als bayrisches Team haben wir uns nat\u00fcrlich f\u00fcr bayrische Zuverl\u00e4ssigkeit entschieden. Aus diesem Grund werden wir unser Abenteuer, die Allg\u00e4u-Orient-Rallye 2013, mit drei\u00a0<strong>BMW 520i Touring, Modell E34\u00a0<\/strong>bestreiten! Mit einem astreinen Hattrick in der diesj\u00e4hrigen DTM Saison (Sieg in der Marken-, Team- und Fahrerwertung) k\u00f6nnte diese Wahl wohl kaum besser best\u00e4tigt werden!<\/p>\n<p>F\u00fcr uns sind die drei BMW 520i Touring allerdings mehr als nur Autos! F\u00fcr uns sind sie echte Teamkollegen! Deshalb tr\u00e4gt nat\u00fcrlich auch jeder seinen eigenen Namen:<\/p>\n<ul>\n<li><a title=\"\u201cAlfred\u201d \u2013 BMW 520i \u2013 Der Scout\" href=\"http:\/\/www.bavarian-pathfinders.de\/?page_id=323\">Alfred &#8211; Der Scout<\/a><\/li>\n<li><a title=\"\u201cEdmund\u201d \u2013 BMW 520i \u2013 Die Komb\u00fcse\" href=\"http:\/\/www.bavarian-pathfinders.de\/?page_id=159\">Edmund &#8211; Die Komb\u00fcse<\/a><\/li>\n<li><a title=\"\u201cRudolf\u201d \u2013 BMW 520i \u2013 Die Werkstatt\" href=\"http:\/\/www.bavarian-pathfinders.de\/?page_id=450\">Rudolf &#8211; Die Werkstatt<\/a><\/li>\n<\/ul>\n<p>Unser Traum von drei identischen Fahrzeugen ist somit wahr geworden. Urspr\u00fcnglich noch violett, gr\u00fcn und wei\u00df k\u00fcmmern wir uns jetzt nat\u00fcrlich darum, alle mit einheitlicher &#8222;Teamkleidung&#8220; auszustatten. Das hei\u00dft im Klartext: Alfred, Edmund und Rudolf werden wei\u00df und anschlie\u00dfend mit unserem Logo und blauwei\u00dfem Rautenmuster dezent verziert.<\/p>\n","protected":false},"excerpt":{"rendered":"<p>Als bayrisches Team haben wir uns nat\u00fcrlich f\u00fcr bayrische Zuverl\u00e4ssigkeit entschieden. Aus diesem Grund werden wir unser Abenteuer, die Allg\u00e4u-Orient-Rallye 2013, mit drei\u00a0BMW 520i Touring, Modell E34\u00a0bestreiten! Mit einem astreinen Hattrick in der diesj\u00e4hrigen DTM Saison (Sieg in der Marken-, Team- und Fahrerwertung) k\u00f6nnte diese Wahl wohl kaum besser best\u00e4tigt werden! F\u00fcr uns sind die<a class=\"read-more \" href=\"http:\/\/www.bavarian-pathfinders.de\/?page_id=106\" title=\"Read More\"> <span class=\"button default\">Read More<\/span><\/a><\/p>\n","protected":false},"author":1,"featured_media":0,"parent":1194,"menu_order":0,"comment_status":"closed","ping_status":"closed","template":"","meta":{"jetpack_post_was_ever_published":false,"footnotes":""},"jetpack_sharing_enabled":true,"jetpack_shortlink":"https:\/\/wp.me\/P33xOy-1I","_links":{"self":[{"href":"http:\/\/www.bavarian-pathfinders.de\/index.php?rest_route=\/wp\/v2\/pages\/106"}],"collection":[{"href":"http:\/\/www.bavarian-pathfinders.de\/index.php?rest_route=\/wp\/v2\/pages"}],"about":[{"href":"http:\/\/www.bavarian-pathfinders.de\/index.php?rest_route=\/wp\/v2\/types\/page"}],"author":[{"embeddable":true,"href":"http:\/\/www.bavarian-pathfinders.de\/index.php?rest_route=\/wp\/v2\/users\/1"}],"replies":[{"embeddable":true,"href":"http:\/\/www.bavarian-pathfinders.de\/index.php?rest_route=%2Fwp%2Fv2%2Fcomments&post=106"}],"version-history":[{"count":12,"href":"http:\/\/www.bavarian-pathfinders.de\/index.php?rest_route=\/wp\/v2\/pages\/106\/revisions"}],"predecessor-version":[{"id":127,"href":"http:\/\/www.bavarian-pathfinders.de\/index.php?rest_route=\/wp\/v2\/pages\/106\/revisions\/127"}],"up":[{"embeddable":true,"href":"http:\/\/www.bavarian-pathfinders.de\/index.php?rest_route=\/wp\/v2\/pages\/1194"}],"wp:attachment":[{"href":"http:\/\/www.bavarian-pathfinders.de\/index.php?rest_route=%2Fwp%2Fv2%2Fmedia&parent=106"}],"curies":[{"name":"wp","href":"https:\/\/api.w.org\/{rel}","templated":true}]}}